{"id":7,"date":"2020-04-20T12:14:12","date_gmt":"2020-04-20T15:14:12","guid":{"rendered":"http:\/\/gessoartedecor.com.br\/?page_id=7"},"modified":"2020-05-18T22:18:00","modified_gmt":"2020-05-19T01:18:00","slug":"sobre","status":"publish","type":"page","link":"https:\/\/gessoartedecor.com.br\/?page_id=7","title":{"rendered":"Nossa Empresa"},"content":{"rendered":"<p>&nbsp;<\/p>\n<table style=\"width: 100%; border-collapse: collapse; border-color: #ff8b0f;\">\n<tbody>\n<tr>\n<td style=\"width: 250px;\"><img loading=\"lazy\" decoding=\"async\" class=\"wp-image-375 size-medium aligncenter\" title=\"Servi\u00e7os Em Gesso Em Geral - Gesso Arte Decor\" src=\"https:\/\/gessoartedecor.com.br\/wp-content\/uploads\/2020\/04\/logogessoartedecor-2-300x300.jpg\" alt=\" Servi\u00e7os Em Gesso Em Geral - Gesso Arte Decor\" width=\"300\" height=\"300\" srcset=\"https:\/\/gessoartedecor.com.br\/wp-content\/uploads\/2020\/04\/logogessoartedecor-2-300x300.jpg 300w, https:\/\/gessoartedecor.com.br\/wp-content\/uploads\/2020\/04\/logogessoartedecor-2-100x100.jpg 100w, https:\/\/gessoartedecor.com.br\/wp-content\/uploads\/2020\/04\/logogessoartedecor-2-600x600.jpg 600w, https:\/\/gessoartedecor.com.br\/wp-content\/uploads\/2020\/04\/logogessoartedecor-2-150x150.jpg 150w, https:\/\/gessoartedecor.com.br\/wp-content\/uploads\/2020\/04\/logogessoartedecor-2-60x60.jpg 60w, https:\/\/gessoartedecor.com.br\/wp-content\/uploads\/2020\/04\/logogessoartedecor-2-468x468.jpg 468w, https:\/\/gessoartedecor.com.br\/wp-content\/uploads\/2020\/04\/logogessoartedecor-2.jpg 640w\" sizes=\"auto, (max-width: 300px) 100vw, 300px\" \/><\/p>\n<p style=\"text-align: center;\"><span style=\"color: #ff6600;\"><strong><span style=\"font-size: 18pt;\">Decora\u00e7\u00e3o Com Arte!<\/span><\/strong><\/span><\/p>\n<\/td>\n<td style=\"width: 316px;\">\n<p style=\"text-align: center;\"><img loading=\"lazy\" decoding=\"async\" class=\"wp-image-411 size-medium aligncenter\" title=\"Distribuidora de Gesso Em Campinas\" src=\"https:\/\/gessoartedecor.com.br\/wp-content\/uploads\/2020\/04\/54463043_2575484679147060_772291079dfg3791963136_o-300x300.jpg\" alt=\"Distribuidora de Gesso Em Campinas\" width=\"300\" height=\"300\" srcset=\"https:\/\/gessoartedecor.com.br\/wp-content\/uploads\/2020\/04\/54463043_2575484679147060_772291079dfg3791963136_o-300x300.jpg 300w, https:\/\/gessoartedecor.com.br\/wp-content\/uploads\/2020\/04\/54463043_2575484679147060_772291079dfg3791963136_o-100x100.jpg 100w, https:\/\/gessoartedecor.com.br\/wp-content\/uploads\/2020\/04\/54463043_2575484679147060_772291079dfg3791963136_o-600x600.jpg 600w, https:\/\/gessoartedecor.com.br\/wp-content\/uploads\/2020\/04\/54463043_2575484679147060_772291079dfg3791963136_o-150x150.jpg 150w, https:\/\/gessoartedecor.com.br\/wp-content\/uploads\/2020\/04\/54463043_2575484679147060_772291079dfg3791963136_o-768x768.jpg 768w, https:\/\/gessoartedecor.com.br\/wp-content\/uploads\/2020\/04\/54463043_2575484679147060_772291079dfg3791963136_o-60x60.jpg 60w, https:\/\/gessoartedecor.com.br\/wp-content\/uploads\/2020\/04\/54463043_2575484679147060_772291079dfg3791963136_o-468x468.jpg 468w, https:\/\/gessoartedecor.com.br\/wp-content\/uploads\/2020\/04\/54463043_2575484679147060_772291079dfg3791963136_o.jpg 960w\" sizes=\"auto, (max-width: 300px) 100vw, 300px\" \/><strong><span style=\"font-size: 18pt; color: #ff6600;\">Venda De Material Em Gesso Em Geral!<\/span><\/strong><\/p>\n<\/td>\n<td style=\"width: 249px;\"><img loading=\"lazy\" decoding=\"async\" class=\"wp-image-715 size-medium alignright\" title=\"Servi\u00e7os Em Gesso Em Geral\" src=\"https:\/\/gessoartedecor.com.br\/wp-content\/uploads\/2020\/05\/Slide1-300x300.jpg\" alt=\"Servi\u00e7os Em Gesso Em Geral\" width=\"300\" height=\"300\" srcset=\"https:\/\/gessoartedecor.com.br\/wp-content\/uploads\/2020\/05\/Slide1-300x300.jpg 300w, https:\/\/gessoartedecor.com.br\/wp-content\/uploads\/2020\/05\/Slide1-150x150.jpg 150w, https:\/\/gessoartedecor.com.br\/wp-content\/uploads\/2020\/05\/Slide1-768x768.jpg 768w, https:\/\/gessoartedecor.com.br\/wp-content\/uploads\/2020\/05\/Slide1-230x230.jpg 230w, https:\/\/gessoartedecor.com.br\/wp-content\/uploads\/2020\/05\/Slide1-365x365.jpg 365w, https:\/\/gessoartedecor.com.br\/wp-content\/uploads\/2020\/05\/Slide1-600x600.jpg 600w, https:\/\/gessoartedecor.com.br\/wp-content\/uploads\/2020\/05\/Slide1-100x100.jpg 100w, https:\/\/gessoartedecor.com.br\/wp-content\/uploads\/2020\/05\/Slide1.jpg 960w\" sizes=\"auto, (max-width: 300px) 100vw, 300px\" \/><\/p>\n<p style=\"text-align: center;\"><span style=\"color: #ff6600;\"><strong><span style=\"font-size: 18pt;\">Servi\u00e7os Em Gesso Em <\/span><\/strong><\/span><\/p>\n<p style=\"text-align: center;\"><span style=\"color: #ff6600;\"><strong><span style=\"font-size: 18pt;\">Geral!<\/span><\/strong><\/span><\/p>\n<\/td>\n<\/tr>\n<\/tbody>\n<\/table>\n<p style=\"text-align: left;\"><span style=\"font-size: 50px;\"><span style=\"color: #ff6600; font-family: 'book antiqua', palatino, serif;\"><em><strong>Decora\u00e7\u00e3o\u00a0<\/strong><\/em><\/span><span style=\"font-family: 'book antiqua', palatino, serif;\"><span style=\"color: #ff6600;\"><em><strong>Com\u00a0<\/strong><\/em><\/span><span style=\"color: #ff6600;\"><em><strong> Arte.<\/strong><\/em><\/span><\/span><\/span><\/p>\n<p>&nbsp;<\/p>\n<p><strong><span style=\"font-size: 24pt;\">Mais de 45 anos\u00a0de mercado.<\/span><\/strong><\/p>\n<p>&nbsp;<\/p>\n<p><span style=\"font-family: 'arial black', sans-serif;\"><span style=\"font-size: 24pt; color: #ff6600;\">Servi\u00e7os em Gesso e <\/span><span style=\"font-size: 24pt; color: #ff6600;\">Venda de Material em Gesso Em Geral.<\/span><\/span><\/p>\n<p style=\"text-align: left;\"><span style=\"font-size: 18pt;\">Temos profissionais altamente qualificados atendendo qualquer tipo de projeto, seja ele comercial, residencial ou industria.<\/span><\/p>\n<p><span style=\"font-size: 18pt;\">Trabalhamos com Gesso Liso, Gesso 3D, Molduras, Sancas de Gesso, Drywall e muito mais confira!<\/span><\/p>\n<h2 class=\"entry-title\"><span style=\"font-size: 24pt; color: #fa6400; font-family: 'arial black', sans-serif;\">Conhe\u00e7a a import\u00e2ncia em um acabamento em Gesso.<\/span><\/h2>\n<p><span style=\"font-size: 18pt;\">Tudo o que esperamos da nossa casa \u00e9 que ela seja aconchegante e proporcione bem-estar para a nossa fam\u00edlia e para os nossos convidados.<\/span><\/p>\n<p><span style=\"font-size: 18pt;\">Para isso, n\u00e3o basta apenas receber e conviver em harmonia, o acabamento em gesso da sua casa faz parte dessa magia!<\/span><\/p>\n<p><span style=\"font-size: 18pt;\">N\u00e3o \u00e9 \u00e0 toa que uma casa, apartamento ou seu local de trabalho com um belo acabamento, tem o poder de trazer uma sensa\u00e7\u00e3o de leveza e bem-estar para quem os frequenta.<\/span><\/p>\n<h3><span style=\"color: #fa6400; font-size: 24pt; font-family: 'arial black', sans-serif;\">Benef\u00edcios do Acabamento Em Gesso.<\/span><\/h3>\n<p><span style=\"font-size: 18pt;\">A harmonia e funcionalidade do Gesso, pode trazer in\u00fameros benef\u00edcios para n\u00f3s.<\/span><\/p>\n<p><span style=\"font-size: 18pt;\">Com um espa\u00e7o em Gesso bem organizado e decorado, pode ajudar a n\u00e3o ter o\u00a0 estresse e se tiver diminui-o melhorando\u00a0 o conv\u00edvio.<\/span><\/p>\n<p><span style=\"font-size: 18pt;\">Assim a sua casa, seu apartamento ou sua empresa serve como um espa\u00e7o de relaxamento do corpo e da mente, em meio \u00e0 correria do dia a dia.<\/span><\/p>\n<p><span style=\"font-size: 18pt;\">Voc\u00ea precisa, antes de tudo, sentir-se bem onde reside ou trabalha para que sua inspira\u00e7\u00e3o, tomada de decis\u00f5es ou seu descanso seja agrad\u00e1vel e suas energias renovadas.<\/span><\/p>\n<p><span style=\"font-size: 18pt;\">O design da sua constru\u00e7\u00e3o com acabamentos em gesso pode contribuir para que isso aconte\u00e7a em seu ambiente e em sua vida.<\/span><\/p>\n<p><span style=\"font-size: 18pt;\">A seguir, confira algumas das\u00a0<strong>vantagens que o acabamento em gesso, pode proporcionar ao seu ambiente residencial ou de trabalho.<\/strong><\/span><\/p>\n<h4><span style=\"color: #fa6400; font-family: 'arial black', sans-serif;\"><span style=\"font-size: 24pt;\">Acabamento Em Gesso e Suas Funcionalidades:<\/span><\/span><\/h4>\n<table style=\"border-collapse: collapse; width: 100%;\">\n<tbody>\n<tr>\n<td style=\"width: 50%;\"><img loading=\"lazy\" decoding=\"async\" class=\"wp-image-325 aligncenter\" title=\"Gesso Liso\" src=\"https:\/\/gessoartedecor.com.br\/wp-content\/uploads\/2020\/04\/Gesso-Liso-5-1.jpg\" alt=\"Gesso Liso\" width=\"500\" height=\"500\" srcset=\"https:\/\/gessoartedecor.com.br\/wp-content\/uploads\/2020\/04\/Gesso-Liso-5-1.jpg 960w, https:\/\/gessoartedecor.com.br\/wp-content\/uploads\/2020\/04\/Gesso-Liso-5-1-300x300.jpg 300w, https:\/\/gessoartedecor.com.br\/wp-content\/uploads\/2020\/04\/Gesso-Liso-5-1-100x100.jpg 100w, https:\/\/gessoartedecor.com.br\/wp-content\/uploads\/2020\/04\/Gesso-Liso-5-1-600x600.jpg 600w, https:\/\/gessoartedecor.com.br\/wp-content\/uploads\/2020\/04\/Gesso-Liso-5-1-150x150.jpg 150w, https:\/\/gessoartedecor.com.br\/wp-content\/uploads\/2020\/04\/Gesso-Liso-5-1-768x768.jpg 768w, https:\/\/gessoartedecor.com.br\/wp-content\/uploads\/2020\/04\/Gesso-Liso-5-1-60x60.jpg 60w, https:\/\/gessoartedecor.com.br\/wp-content\/uploads\/2020\/04\/Gesso-Liso-5-1-468x468.jpg 468w\" sizes=\"auto, (max-width: 500px) 100vw, 500px\" \/><\/td>\n<td style=\"width: 50%;\"><img loading=\"lazy\" decoding=\"async\" class=\"wp-image-328 aligncenter\" src=\"https:\/\/gessoartedecor.com.br\/wp-content\/uploads\/2020\/04\/Gesso-Liso-1-300x300.jpg\" alt=\"Gesso Liso\" width=\"500\" height=\"500\" srcset=\"https:\/\/gessoartedecor.com.br\/wp-content\/uploads\/2020\/04\/Gesso-Liso-1-300x300.jpg 300w, https:\/\/gessoartedecor.com.br\/wp-content\/uploads\/2020\/04\/Gesso-Liso-1-100x100.jpg 100w, https:\/\/gessoartedecor.com.br\/wp-content\/uploads\/2020\/04\/Gesso-Liso-1-600x600.jpg 600w, https:\/\/gessoartedecor.com.br\/wp-content\/uploads\/2020\/04\/Gesso-Liso-1-150x150.jpg 150w, https:\/\/gessoartedecor.com.br\/wp-content\/uploads\/2020\/04\/Gesso-Liso-1-768x768.jpg 768w, https:\/\/gessoartedecor.com.br\/wp-content\/uploads\/2020\/04\/Gesso-Liso-1-60x60.jpg 60w, https:\/\/gessoartedecor.com.br\/wp-content\/uploads\/2020\/04\/Gesso-Liso-1-468x468.jpg 468w, https:\/\/gessoartedecor.com.br\/wp-content\/uploads\/2020\/04\/Gesso-Liso-1.jpg 960w\" sizes=\"auto, (max-width: 500px) 100vw, 500px\" \/><\/td>\n<\/tr>\n<\/tbody>\n<\/table>\n<h5><span style=\"color: #fa6400; font-size: 24pt; font-family: 'arial black', sans-serif;\">Gesso Liso.<\/span><\/h5>\n<ul>\n<li style=\"text-align: left;\"><span style=\"font-size: 18pt;\">Pontos Positivos e Vantagens do Acabamento em Gesso Liso;\u00a0<\/span><\/li>\n<li><span style=\"font-size: 18pt;\">N\u00e3o precisa de aplica\u00e7\u00e3o de selador antes da aplica\u00e7\u00e3o;<\/span><\/li>\n<li style=\"text-align: left;\"><span style=\"font-size: 18pt;\">A aplica\u00e7\u00e3o \u00e9 r\u00e1pida o que gera economia de tempo;<\/span><\/li>\n<li style=\"text-align: left;\"><span style=\"font-size: 18pt;\">Custo menor que outros acabamentos tradicionais;\u00a0<\/span><\/li>\n<li style=\"text-align: left;\"><span style=\"font-size: 18pt;\">Pode ser aplicado diretamente sobre o concreto;\u00a0<\/span><\/li>\n<li style=\"text-align: left;\"><span style=\"font-size: 18pt;\">Seca bem mais r\u00e1pido que a massa corrida;<\/span><\/li>\n<li style=\"text-align: left;\"><span style=\"font-size: 18pt;\">Rapidez na aplica\u00e7\u00e3o;\u00a0 E tamb\u00e9m tem excelente acabamento aveludado da parede&#8230;<\/span><\/li>\n<\/ul>\n<table style=\"border-collapse: collapse; width: 100%;\">\n<tbody>\n<tr>\n<td style=\"width: 50%;\"><img loading=\"lazy\" decoding=\"async\" class=\"aligncenter wp-image-321\" src=\"https:\/\/gessoartedecor.com.br\/wp-content\/uploads\/2020\/04\/Gesso-3d-1-1.jpg\" alt=\"Gesso 3D\" width=\"500\" height=\"500\" srcset=\"https:\/\/gessoartedecor.com.br\/wp-content\/uploads\/2020\/04\/Gesso-3d-1-1.jpg 960w, https:\/\/gessoartedecor.com.br\/wp-content\/uploads\/2020\/04\/Gesso-3d-1-1-300x300.jpg 300w, https:\/\/gessoartedecor.com.br\/wp-content\/uploads\/2020\/04\/Gesso-3d-1-1-100x100.jpg 100w, https:\/\/gessoartedecor.com.br\/wp-content\/uploads\/2020\/04\/Gesso-3d-1-1-600x600.jpg 600w, https:\/\/gessoartedecor.com.br\/wp-content\/uploads\/2020\/04\/Gesso-3d-1-1-150x150.jpg 150w, https:\/\/gessoartedecor.com.br\/wp-content\/uploads\/2020\/04\/Gesso-3d-1-1-768x768.jpg 768w, https:\/\/gessoartedecor.com.br\/wp-content\/uploads\/2020\/04\/Gesso-3d-1-1-60x60.jpg 60w, https:\/\/gessoartedecor.com.br\/wp-content\/uploads\/2020\/04\/Gesso-3d-1-1-468x468.jpg 468w\" sizes=\"auto, (max-width: 500px) 100vw, 500px\" \/><\/td>\n<td style=\"width: 50%;\"><img loading=\"lazy\" decoding=\"async\" class=\"wp-image-323 aligncenter\" src=\"https:\/\/gessoartedecor.com.br\/wp-content\/uploads\/2020\/04\/Gesso-3d-3-1-300x300.jpg\" alt=\"Gesso 3D\" width=\"500\" height=\"500\" srcset=\"https:\/\/gessoartedecor.com.br\/wp-content\/uploads\/2020\/04\/Gesso-3d-3-1-300x300.jpg 300w, https:\/\/gessoartedecor.com.br\/wp-content\/uploads\/2020\/04\/Gesso-3d-3-1-100x100.jpg 100w, https:\/\/gessoartedecor.com.br\/wp-content\/uploads\/2020\/04\/Gesso-3d-3-1-600x600.jpg 600w, https:\/\/gessoartedecor.com.br\/wp-content\/uploads\/2020\/04\/Gesso-3d-3-1-150x150.jpg 150w, https:\/\/gessoartedecor.com.br\/wp-content\/uploads\/2020\/04\/Gesso-3d-3-1-768x768.jpg 768w, https:\/\/gessoartedecor.com.br\/wp-content\/uploads\/2020\/04\/Gesso-3d-3-1-60x60.jpg 60w, https:\/\/gessoartedecor.com.br\/wp-content\/uploads\/2020\/04\/Gesso-3d-3-1-468x468.jpg 468w, https:\/\/gessoartedecor.com.br\/wp-content\/uploads\/2020\/04\/Gesso-3d-3-1.jpg 960w\" sizes=\"auto, (max-width: 500px) 100vw, 500px\" \/><\/td>\n<\/tr>\n<\/tbody>\n<\/table>\n<h6><span style=\"font-size: 24pt; color: #fa6400; font-family: 'arial black', sans-serif;\">Gesso 3D.<\/span><\/h6>\n<p><span style=\"font-size: 18pt;\">Al\u00e9m do efeito visual moderno, o revestimento 3D cria a sensa\u00e7\u00e3o de profundidade e movimento nas paredes. <\/span><\/p>\n<p><span style=\"font-size: 18pt;\">Portanto, \u00e9 uma \u00f3tima op\u00e7\u00e3o para ambientes de todos os tamanhos.<\/span><\/p>\n<p><span style=\"font-size: 18pt;\">Se quiser dar mais beleza ao gesso 3D, \u00e9 poss\u00edvel pintar de outras cores com tinta acr\u00edlica de diferentes acabamentos (fosco, semi-brilho ou brilhoso).<\/span><\/p>\n<p><span style=\"font-size: 18pt;\">Outra quest\u00e3o que promove um maior destaque para essas paredes \u00e9 a ilumina\u00e7\u00e3o. A aplica\u00e7\u00e3o \u00e9 simples e r\u00e1pida como voc\u00ea ver\u00e1 no t\u00f3pico a seguir.<\/span><\/p>\n<p><span style=\"font-size: 18pt;\">Mas esse tipo de revestimento pode ser aplicado em diversos ambientes da casa: salas, cozinhas, lavanderias ou quartos.<\/span><\/p>\n<p><span style=\"font-size: 18pt;\">No entanto, o gesso n\u00e3o \u00e9 resistente ao excesso de umidade e, por isso, n\u00e3o deve ser usado em \u00e1reas externas e molhadas, como fachadas, varanda e lavanderia.<\/span><\/p>\n<table style=\"border-collapse: collapse; width: 100%;\">\n<tbody>\n<tr>\n<td style=\"width: 50%;\"><img loading=\"lazy\" decoding=\"async\" class=\"wp-image-340 aligncenter\" src=\"https:\/\/gessoartedecor.com.br\/wp-content\/uploads\/2020\/04\/Sanca-de-Gesso-2.jpg\" alt=\"Sanca de Gesso\" width=\"500\" height=\"500\" srcset=\"https:\/\/gessoartedecor.com.br\/wp-content\/uploads\/2020\/04\/Sanca-de-Gesso-2.jpg 960w, https:\/\/gessoartedecor.com.br\/wp-content\/uploads\/2020\/04\/Sanca-de-Gesso-2-300x300.jpg 300w, https:\/\/gessoartedecor.com.br\/wp-content\/uploads\/2020\/04\/Sanca-de-Gesso-2-100x100.jpg 100w, https:\/\/gessoartedecor.com.br\/wp-content\/uploads\/2020\/04\/Sanca-de-Gesso-2-600x600.jpg 600w, https:\/\/gessoartedecor.com.br\/wp-content\/uploads\/2020\/04\/Sanca-de-Gesso-2-150x150.jpg 150w, https:\/\/gessoartedecor.com.br\/wp-content\/uploads\/2020\/04\/Sanca-de-Gesso-2-768x768.jpg 768w, https:\/\/gessoartedecor.com.br\/wp-content\/uploads\/2020\/04\/Sanca-de-Gesso-2-60x60.jpg 60w, https:\/\/gessoartedecor.com.br\/wp-content\/uploads\/2020\/04\/Sanca-de-Gesso-2-468x468.jpg 468w\" sizes=\"auto, (max-width: 500px) 100vw, 500px\" \/><\/td>\n<td style=\"width: 50%;\"><img loading=\"lazy\" decoding=\"async\" class=\"wp-image-345 aligncenter\" src=\"https:\/\/gessoartedecor.com.br\/wp-content\/uploads\/2020\/04\/Sancas1-300x300.jpg\" alt=\"Sanca de Gesso\" width=\"500\" height=\"500\" srcset=\"https:\/\/gessoartedecor.com.br\/wp-content\/uploads\/2020\/04\/Sancas1-300x300.jpg 300w, https:\/\/gessoartedecor.com.br\/wp-content\/uploads\/2020\/04\/Sancas1-100x100.jpg 100w, https:\/\/gessoartedecor.com.br\/wp-content\/uploads\/2020\/04\/Sancas1-600x600.jpg 600w, https:\/\/gessoartedecor.com.br\/wp-content\/uploads\/2020\/04\/Sancas1-150x150.jpg 150w, https:\/\/gessoartedecor.com.br\/wp-content\/uploads\/2020\/04\/Sancas1-768x768.jpg 768w, https:\/\/gessoartedecor.com.br\/wp-content\/uploads\/2020\/04\/Sancas1-60x60.jpg 60w, https:\/\/gessoartedecor.com.br\/wp-content\/uploads\/2020\/04\/Sancas1-468x468.jpg 468w, https:\/\/gessoartedecor.com.br\/wp-content\/uploads\/2020\/04\/Sancas1.jpg 960w\" sizes=\"auto, (max-width: 500px) 100vw, 500px\" \/><\/td>\n<\/tr>\n<\/tbody>\n<\/table>\n<p><span style=\"font-size: 24pt; color: #fa6400; font-family: 'arial black', sans-serif;\">Sanca de Gesso &amp; Molduras.<\/span><\/p>\n<p><span style=\"font-size: 18pt;\">As molduras de gesso tem fun\u00e7\u00e3o unicamente est\u00e9tica. S\u00e3o utilizadas para dar acabamento a tetos, paredes, portas e janelas. <\/span><\/p>\n<p><span style=\"font-size: 18pt;\">S\u00e3o capazes de transformar o ambiente, deixando-o muito mais sofisticado e elegante.<\/span><\/p>\n<p><span style=\"font-size: 18pt;\">Podem ser aplicadas:<\/span><\/p>\n<p><span style=\"font-size: 18pt;\">No teto, serve para dar acabamento ao gesso ou a laje, e \u00e9 aplicado em sua volta. Por isso tem o nome de roda-teto.<\/span><\/p>\n<p><span style=\"font-size: 18pt;\">Pode ser aplicado somente no teto, somente na parede ou no encontro entre parede e teto.<\/span><\/p>\n<p><span style=\"font-size: 18pt;\">Nas paredes serve para dar uma volumetria e destaque a elas, projetando v\u00e1rias molduras, criando um efeito bastante interessante.<\/span><\/p>\n<p><span style=\"font-size: 18pt;\">A moldura de gesso pode ainda ser aplicada ao redor de portas e janelas, como uma esp\u00e9cie de guarni\u00e7\u00e3o.<\/span><\/p>\n<p><span style=\"font-size: 18pt;\">Elas remetem ao estilo cl\u00e1ssico, mas dependendo do modelo, se forem mais retas, podem aplicadas em decora\u00e7\u00f5es mais modernas e industriais.<\/span><\/p>\n<h6><span style=\"color: #fa6400; font-size: 24pt; font-family: 'arial black', sans-serif;\">Parede e Forro de Drywall vantagens.<\/span><\/h6>\n<p><img loading=\"lazy\" decoding=\"async\" class=\"alignleft wp-image-479 \" title=\"Drywall Acartonada\" src=\"https:\/\/gessoartedecor.com.br\/wp-content\/uploads\/2020\/05\/Drywall-Acatonado-300x300.jpg\" alt=\"Forro Em Gesso Acartonado\" width=\"342\" height=\"342\" \/><\/p>\n<p style=\"text-align: left;\"><span style=\"font-size: 24pt;\"><span style=\"color: #000000;\">Material leve e barato.<\/span><\/span><\/p>\n<p style=\"text-align: left;\"><span style=\"font-size: 24pt;\"><span style=\"color: #000000;\">Transporte econ\u00f4mico.<\/span><\/span><\/p>\n<p style=\"text-align: left;\"><span style=\"font-size: 24pt;\"><span style=\"color: #000000;\">Componentes recicl\u00e1veis.<\/span><\/span><\/p>\n<p style=\"text-align: left;\"><span style=\"font-size: 24pt;\"><span style=\"color: #000000;\">Tempo de obra r\u00e1pido.<\/span><\/span><\/p>\n<p style=\"text-align: left;\"><span style=\"font-size: 24pt;\"><span style=\"color: #000000;\">Gera menos sujeira.<\/span><\/span><\/p>\n<p style=\"text-align: left;\"><span style=\"font-size: 24pt;\"><span style=\"color: #000000;\">Manuten\u00e7\u00e3o simples.<\/span><\/span><\/p>\n<p style=\"text-align: left;\"><span style=\"font-size: 24pt;\"><span style=\"color: #000000;\">Torna reformas mais f\u00e1ceis.<\/span><\/span><\/p>\n<p>&nbsp;<\/p>\n<p>&nbsp;<\/p>\n<div id=\"metaslider-id-797\" style=\"width: 100%;\" class=\"ml-slider-3-108-0 metaslider metaslider-flex metaslider-797 ml-slider has-dots-nav ms-theme-default\" role=\"region\" aria-label=\"Slide Arte Decor\" data-height=\"400\" data-width=\"1100\">\n    <div id=\"metaslider_container_797\">\n        <div id=\"metaslider_797\">\n            <ul class='slides'>\n                <li style=\"display: block; width: 100%;\" class=\"slide-802 ms-image \" aria-roledescription=\"slide\" data-date=\"2020-05-16 22:32:10\" data-filename=\"Slide1-1.jpg\" data-slide-type=\"image\"><img loading=\"lazy\" decoding=\"async\" src=\"https:\/\/gessoartedecor.com.br\/wp-content\/uploads\/2020\/05\/Slide1-1.jpg\" height=\"400\" width=\"1100\" alt=\"Gesso Arte Decor\" class=\"slider-797 slide-802 msDefaultImage\" title=\"Gesso Arte Decor\" \/><\/li>\n                <li style=\"display: none; width: 100%;\" class=\"slide-804 ms-image \" aria-roledescription=\"slide\" data-date=\"2020-05-16 22:32:59\" data-filename=\"Slide-2.jpg\" data-slide-type=\"image\"><img loading=\"lazy\" decoding=\"async\" src=\"https:\/\/gessoartedecor.com.br\/wp-content\/uploads\/2020\/05\/Slide-2.jpg\" height=\"400\" width=\"1100\" alt=\"Gesso Arte Decor\" class=\"slider-797 slide-804 msDefaultImage\" title=\"Gesso Arte Decor\" \/><\/li>\n                <li style=\"display: none; width: 100%;\" class=\"slide-806 ms-image \" aria-roledescription=\"slide\" data-date=\"2020-05-16 22:33:38\" data-filename=\"slide-3.jpg\" data-slide-type=\"image\"><img loading=\"lazy\" decoding=\"async\" src=\"https:\/\/gessoartedecor.com.br\/wp-content\/uploads\/2020\/05\/slide-3.jpg\" height=\"400\" width=\"1100\" alt=\"Gesso Arte Decor\" class=\"slider-797 slide-806 msDefaultImage\" title=\"Gesso Arte Decor\" \/><\/li>\n                <li style=\"display: none; width: 100%;\" class=\"slide-809 ms-image \" aria-roledescription=\"slide\" data-date=\"2020-05-16 22:35:44\" data-filename=\"Slide-5-1.jpg\" data-slide-type=\"image\"><img loading=\"lazy\" decoding=\"async\" src=\"https:\/\/gessoartedecor.com.br\/wp-content\/uploads\/2020\/05\/Slide-5-1.jpg\" height=\"400\" width=\"1100\" alt=\"Gesso Arte Decor\" class=\"slider-797 slide-809 msDefaultImage\" title=\"Gesso Arte Decor\" \/><\/li>\n                <li style=\"display: none; width: 100%;\" class=\"slide-810 ms-image \" aria-roledescription=\"slide\" data-date=\"2020-05-16 22:35:44\" data-filename=\"slide4.fw_.png\" data-slide-type=\"image\"><img loading=\"lazy\" decoding=\"async\" src=\"https:\/\/gessoartedecor.com.br\/wp-content\/uploads\/2020\/05\/slide4.fw_.png\" height=\"400\" width=\"1100\" alt=\"\" class=\"slider-797 slide-810 msDefaultImage\" title=\"slide4.fw\" \/><\/li>\n                <li style=\"display: none; width: 100%;\" class=\"slide-812 ms-image \" aria-roledescription=\"slide\" data-date=\"2020-05-16 22:36:29\" data-filename=\"Slide-5-2.jpg\" data-slide-type=\"image\"><img loading=\"lazy\" decoding=\"async\" src=\"https:\/\/gessoartedecor.com.br\/wp-content\/uploads\/2020\/05\/Slide-5-2.jpg\" height=\"400\" width=\"1100\" alt=\"Gesso Arte Decor\" class=\"slider-797 slide-812 msDefaultImage\" title=\"Gesso Arte Decor\" \/><\/li>\n            <\/ul>\n        <\/div>\n        \n    <\/div>\n<\/div>\n<p>&nbsp;<\/p>\n","protected":false},"excerpt":{"rendered":"<p>&nbsp; Decora\u00e7\u00e3o Com Arte! Venda De Material Em Gesso Em Geral! Servi\u00e7os Em Gesso Em Geral! Decora\u00e7\u00e3o\u00a0Com\u00a0 Arte. &nbsp; Mais de 45 anos\u00a0de mercado. &nbsp; Servi\u00e7os em Gesso e Venda de Material em Gesso Em Geral. Temos profissionais altamente qualificados<\/p>\n","protected":false},"author":1,"featured_media":280,"parent":0,"menu_order":0,"comment_status":"closed","ping_status":"closed","template":"","meta":{"_joinchat":[],"footnotes":""},"class_list":["post-7","page","type-page","status-publish","has-post-thumbnail","hentry"],"_links":{"self":[{"href":"https:\/\/gessoartedecor.com.br\/index.php?rest_route=\/wp\/v2\/pages\/7","targetHints":{"allow":["GET"]}}],"collection":[{"href":"https:\/\/gessoartedecor.com.br\/index.php?rest_route=\/wp\/v2\/pages"}],"about":[{"href":"https:\/\/gessoartedecor.com.br\/index.php?rest_route=\/wp\/v2\/types\/page"}],"author":[{"embeddable":true,"href":"https:\/\/gessoartedecor.com.br\/index.php?rest_route=\/wp\/v2\/users\/1"}],"replies":[{"embeddable":true,"href":"https:\/\/gessoartedecor.com.br\/index.php?rest_route=%2Fwp%2Fv2%2Fcomments&post=7"}],"version-history":[{"count":59,"href":"https:\/\/gessoartedecor.com.br\/index.php?rest_route=\/wp\/v2\/pages\/7\/revisions"}],"predecessor-version":[{"id":911,"href":"https:\/\/gessoartedecor.com.br\/index.php?rest_route=\/wp\/v2\/pages\/7\/revisions\/911"}],"wp:featuredmedia":[{"embeddable":true,"href":"https:\/\/gessoartedecor.com.br\/index.php?rest_route=\/wp\/v2\/media\/280"}],"wp:attachment":[{"href":"https:\/\/gessoartedecor.com.br\/index.php?rest_route=%2Fwp%2Fv2%2Fmedia&parent=7"}],"curies":[{"name":"wp","href":"https:\/\/api.w.org\/{rel}","templated":true}]}}