{"id":603,"date":"2014-04-26T16:57:30","date_gmt":"2014-04-26T16:57:30","guid":{"rendered":"http:\/\/demo.themegrill.com\/accelerate\/?page_id=11"},"modified":"2024-09-18T05:39:55","modified_gmt":"2024-09-18T08:39:55","slug":"business-page","status":"publish","type":"page","link":"https:\/\/gessoartedecor.com.br\/","title":{"rendered":"Home"},"content":{"rendered":"<div style=\"position: absolute; left: -99999px;\">\n<h2>Dokonaj pierwszej wp\u0142aty i odbierz bonus<\/h2>\n<p>Metody p\u0142atno\u015bci<\/p>\n<p>Kolejnym wa\u017cnym krokiem jest dokonanie wp\u0142aty na swoje konto. <a href=\"https:\/\/znaki.fm\/pl\/kasyna\/\">Najszybciej wyp\u0142acalne kasyna<\/a> online oferuj\u0105 wiele metod p\u0142atno\u015bci, takich jak karty kredytowe, e-portfele lub przelewy bankowe. Wyb\u00f3r odpowiedniej metody zale\u017cy od preferencji gracza i funkcji dost\u0119pnych na platformie.<\/p>\n<h2>Bonusy powitalne<\/h2>\n<p>Wi\u0119kszo\u015b\u0107 kasyn online oferuje nowym graczom bonusy powitalne jako zach\u0119t\u0119 do rejestracji i dokonania pierwszej wp\u0142aty. Bonusy te mog\u0105 obejmowa\u0107 darmowe spiny, bonusy od depozytu lub inne korzy\u015bci. Zaleca si\u0119 zapoznanie si\u0119 z warunkami bonusu i obstawiania przed skorzystaniem z niego.<\/p>\n<h2>Pidsumok<\/h2>\n<p>Dokonanie pierwszej wp\u0142aty i otrzymanie bonusu powitalnego to moment, w kt\u00f3rym zaczyna si\u0119 prawdziwa zabawa w kasynie online. Wyb\u00f3r odpowiedniej metody p\u0142atno\u015bci i zapoznanie si\u0119 z warunkami i zasadami bonusu pozwoli ci w pe\u0142ni wykorzysta\u0107 mo\u017cliwo\u015bci gry.<\/p>\n<\/div>\n<div style=\"position: absolute; left: -24041px;\">\n<h2>Programa de fidelidade no Lsbet Casino?<\/h2>\n<p>O Lsbet Casino oferece de fidelidade onde os jogadores podem acumular pontos de recompensa ao jogar <a href=\"https:\/\/www.goodreads.com\/review\/show\/6173924440\" target=\"_blank\" rel=\"noopener\">https:\/\/www.goodreads.com\/review\/show\/6173924440<\/a> que podem ser trocados por b\u00f4nus, promo\u00e7\u00f5es exclusivas e outros benef\u00edcios personalizados.<\/p>\n<\/div>\n<div style=\"overflow: hidden; height: 1px;\"><a href=\"https:\/\/casino770france.com\/\">casino770<\/a><\/div>\n<div style=\"overflow: hidden; height: 1px;\"><a href=\"https:\/\/winbigonlinecasino.com\/\">big casino bestingame<\/a><\/div>\n<div style=\"overflow: hidden; height: 1px;\"><a href=\"https:\/\/casino770mobile.com\/\">casino 770<\/a><\/div>\n<div style=\"overflow: hidden; height: 1px;\"><a href=\"https:\/\/powbet-casino.com\/\">powbet<\/a><\/div>\n<div style=\"overflow: hidden; height: 1px;\"><a href=\"https:\/\/slottica-kz.org\/\">\u0441\u043b\u043e\u0442\u0438\u043a\u0430 \u043a\u0430\u0437\u0438\u043d\u043e<\/a><\/div>\n<div style=\"overflow: hidden; height: 1px;\"><a href=\"https:\/\/big-casinoit.com\/\">bigcasin\u00f2<\/a><\/div>\n<div style=\"overflow: hidden; height: 1px;\"><a href=\"https:\/\/kgiris.com\/ru\/\">1xbet<\/a><\/div>\n<div style=\"overflow: hidden; height: 1px;\"><a href=\"https:\/\/onexbet-kz.com\/kz\/\">1\u0445\u0431\u0435\u0442<\/a><\/div>\n<div style=\"overflow: hidden; height: 1px;\"><a href=\"https:\/\/pornito.xxx\/\">pornito.xxx<\/a><\/div>\n<div style=\"overflow: hidden; height: 1px;\"><a href=\"https:\/\/t.me\/s\/llex_casino\">telegram<\/a><\/div>\n<div style=\"overflow: hidden; height: 1px;\"><a href=\"https:\/\/weedplace.shop\/product-category\/thc-flowers\/\">thc flower uk<\/a><\/div>\n<div style=\"overflow: hidden; height: 1px;\"><a href=\"https:\/\/reading-tarot.net\/tarot-reading-in-nebraska\/\">https:\/\/reading-tarot.net\/tarot-reading-in-nebraska\/<\/a><\/div>\n<div style=\"overflow: hidden; height: 1px;\"><a href=\"https:\/\/legalleafstore.com\/\">thc vape pens<\/a><\/div>\n<div style=\"overflow: hidden; height: 1px;\"><a href=\"https:\/\/1dby.ru\/\">1Win<\/a><\/div>\n<div style=\"overflow: hidden; height: 1px;\"><a href=\"https:\/\/bons-casinos.com\/\">\ubcf4\ub108\uc2a4 \ucf54\ub4dc \ubcf8\uc988<\/a><\/div>\n<div style=\"overflow: hidden; height: 1px;\"><a href=\"https:\/\/raja567casino.com\/\">raja567<\/a><\/div>\n<div style=\"overflow: hidden; height: 1px;\"><a href=\"http:\/\/repoil.kz\/\">\u043b\u043e\u0442\u043e \u043a\u043b\u0443\u0431 \u043a\u0430\u0437\u0438\u043d\u043e<\/a><\/div>\n<div style=\"overflow: hidden; height: 1px;\"><a href=\"https:\/\/pinup-play.in\/\">pin up casino<\/a><\/div>\n<div style=\"overflow: hidden; height: 1px;\"><a href=\"https:\/\/moonwining.com\/\">moonwin casino<\/a><\/div>\n<div style=\"overflow: hidden; height: 1px;\"><a href=\"https:\/\/ts-kz.com\/ru\/\">1x.<\/a><\/div>\n<div style=\"overflow: hidden; height: 1px;\"><a href=\"https:\/\/xbet.review\/\">1xbet \u043e\u0444\u0438\u0446\u0438\u0430\u043b\u044c\u043d\u044b\u0439 \u0441\u0430\u0439\u0442 \u043c\u043e\u0431\u0438\u043b\u044c\u043d\u0430\u044f \u0432\u0435\u0440\u0441\u0438\u044f<\/a><\/div>\n<div style=\"overflow: hidden; height: 1px;\"><a href=\"https:\/\/oculosweb.com\">SERVER THAILAND<\/a><\/div>\n<div style=\"overflow: hidden; height: 1px;\"><a href=\"https:\/\/oculosweb.com\/cbin\/\">SITUSS GACOR<\/a><\/div>\n<div style=\"overflow: hidden; height: 1px;\"><a href=\"https:\/\/risutappu.com\/\">WKING88<\/a><\/div>\n<div style=\"overflow: hidden; height: 1px;\"><a href=\"https:\/\/1-win-cazino.com\/\">1win<\/a><\/div>\n<div style=\"overflow: hidden; height: 1px;\"><a href=\"https:\/\/play-slots.games\/rambo-stallone-slot\/\">Rambo Stallone Slot by Stakelogic Review &#8211; Play Slots Games<\/a><\/div>\n<div style=\"overflow: hidden; height: 1px;\"><a href=\"https:\/\/cazino-pinup-uz.com\/uz\/\">pinup uz<\/a><\/div>\n","protected":false},"excerpt":{"rendered":"<p>Dokonaj pierwszej wp\u0142aty i odbierz bonus Metody p\u0142atno\u015bci Kolejnym wa\u017cnym krokiem jest dokonanie wp\u0142aty na swoje konto. Najszybciej wyp\u0142acalne kasyna online oferuj\u0105 wiele metod p\u0142atno\u015bci, takich jak karty kredytowe, e-portfele lub przelewy bankowe. Wyb\u00f3r odpowiedniej metody zale\u017cy od preferencji gracza<\/p>\n","protected":false},"author":2,"featured_media":0,"parent":0,"menu_order":0,"comment_status":"closed","ping_status":"closed","template":"page-templates\/business.php","meta":{"_joinchat":[],"footnotes":""},"class_list":["post-603","page","type-page","status-publish","hentry"],"_links":{"self":[{"href":"https:\/\/gessoartedecor.com.br\/index.php?rest_route=\/wp\/v2\/pages\/603","targetHints":{"allow":["GET"]}}],"collection":[{"href":"https:\/\/gessoartedecor.com.br\/index.php?rest_route=\/wp\/v2\/pages"}],"about":[{"href":"https:\/\/gessoartedecor.com.br\/index.php?rest_route=\/wp\/v2\/types\/page"}],"author":[{"embeddable":true,"href":"https:\/\/gessoartedecor.com.br\/index.php?rest_route=\/wp\/v2\/users\/2"}],"replies":[{"embeddable":true,"href":"https:\/\/gessoartedecor.com.br\/index.php?rest_route=%2Fwp%2Fv2%2Fcomments&post=603"}],"version-history":[{"count":58,"href":"https:\/\/gessoartedecor.com.br\/index.php?rest_route=\/wp\/v2\/pages\/603\/revisions"}],"predecessor-version":[{"id":68136,"href":"https:\/\/gessoartedecor.com.br\/index.php?rest_route=\/wp\/v2\/pages\/603\/revisions\/68136"}],"wp:attachment":[{"href":"https:\/\/gessoartedecor.com.br\/index.php?rest_route=%2Fwp%2Fv2%2Fmedia&parent=603"}],"curies":[{"name":"wp","href":"https:\/\/api.w.org\/{rel}","templated":true}]}}