{"id":265,"date":"2020-04-23T15:43:51","date_gmt":"2020-04-23T18:43:51","guid":{"rendered":"https:\/\/gessoartedecor.com.br\/?page_id=265"},"modified":"2020-06-11T21:15:41","modified_gmt":"2020-06-12T00:15:41","slug":"forro-drywall","status":"publish","type":"page","link":"https:\/\/gessoartedecor.com.br\/?page_id=265","title":{"rendered":"Forro Drywall"},"content":{"rendered":"<table style=\"border-collapse: collapse; width: 100%; height: 569px;\">\n<tbody>\n<tr style=\"height: 565px;\">\n<td style=\"width: 100%; height: 565px;\"><iframe loading=\"lazy\" title=\"Estrutura Para Forro de Gesso #N\u00e3oPercaDinheiroNemCabelo (Gesso Arte Decor)\" width=\"720\" height=\"540\" src=\"https:\/\/www.youtube.com\/embed\/8DpH0hnzMV0?feature=oembed\" frameborder=\"0\" allow=\"accelerometer; autoplay; encrypted-media; gyroscope; picture-in-picture\" allowfullscreen><\/iframe><\/td>\n<\/tr>\n<\/tbody>\n<\/table>\n<h1><span style=\"font-size: 36pt; font-family: 'book antiqua', palatino, serif;\"><strong><em><span style=\"color: #ff6600;\">Forro Drywall ou Forro de Gesso Acartonado.<\/span><\/em><\/strong><\/span><\/h1>\n<p><span style=\"font-size: 18pt;\">Forro Drywall ou Forro de Gesso Acartonado \u00e9 uma das op\u00e7\u00f5es mais utilizadas nos projetos de arquitetos e decoradores para disfar\u00e7ar imperfei\u00e7\u00f5es, rebaixar, embutir ilumina\u00e7\u00e3o e cortina no teto de gesso.<\/span><\/p>\n<p><span style=\"font-size: 18pt;\">Se voc\u00ea deseja criar efeitos est\u00e9ticos ou aumentar o n\u00famero de pontos de ilumina\u00e7\u00e3o da sua\u00a0sala de estar, saiba que o forro de gesso rebaixado \u00e9 uma \u00f3tima alternativa porque os fios, eletrodutos e condu\u00edtes ficam escondidos sobre a estrutura.<\/span><\/p>\n<div id=\"sc_intxt_container\">\n<div>\n<div id=\"sc_ava_companion\" class=\"sc_intxt_hided\"><span style=\"font-size: 18pt;\">Para solucionar problemas como a fia\u00e7\u00e3o aparente, duto de ar condicionado\u00a0e ilumina\u00e7\u00e3o, separamos nesse post v\u00e1rios modelos de forro de gesso.\u00a0<\/span><\/div>\n<div><\/div>\n<div class=\"sc_intxt_hided\"><span style=\"font-size: 18pt;\"> Aproveite as nossas dicas!<\/span><\/div>\n<div><\/div>\n<div><\/div>\n<div><\/div>\n<\/div>\n<div>\n<table style=\"border-collapse: collapse; width: 100%;\">\n<tbody>\n<tr>\n<td style=\"width: 50%;\"><img loading=\"lazy\" decoding=\"async\" class=\"wp-image-479 aligncenter\" title=\"Forro Em Gesso Acartonado\" src=\"https:\/\/gessoartedecor.com.br\/wp-content\/uploads\/2020\/05\/Drywall-Acatonado-300x300.jpg\" alt=\"Forro Em Gesso Acartonado\" width=\"500\" height=\"500\" \/><\/td>\n<td style=\"width: 50%;\"><img loading=\"lazy\" decoding=\"async\" class=\"wp-image-480 aligncenter\" src=\"https:\/\/gessoartedecor.com.br\/wp-content\/uploads\/2020\/05\/Forro-Em-Drywall-300x300.jpg\" alt=\"Divis\u00f3ria Em Drywall\" width=\"500\" height=\"500\" srcset=\"https:\/\/gessoartedecor.com.br\/wp-content\/uploads\/2020\/05\/Forro-Em-Drywall-300x300.jpg 300w, https:\/\/gessoartedecor.com.br\/wp-content\/uploads\/2020\/05\/Forro-Em-Drywall-100x100.jpg 100w, https:\/\/gessoartedecor.com.br\/wp-content\/uploads\/2020\/05\/Forro-Em-Drywall-600x600.jpg 600w, https:\/\/gessoartedecor.com.br\/wp-content\/uploads\/2020\/05\/Forro-Em-Drywall-150x150.jpg 150w, https:\/\/gessoartedecor.com.br\/wp-content\/uploads\/2020\/05\/Forro-Em-Drywall-768x768.jpg 768w, https:\/\/gessoartedecor.com.br\/wp-content\/uploads\/2020\/05\/Forro-Em-Drywall-60x60.jpg 60w, https:\/\/gessoartedecor.com.br\/wp-content\/uploads\/2020\/05\/Forro-Em-Drywall-468x468.jpg 468w, https:\/\/gessoartedecor.com.br\/wp-content\/uploads\/2020\/05\/Forro-Em-Drywall.jpg 960w\" sizes=\"auto, (max-width: 500px) 100vw, 500px\" \/><\/td>\n<\/tr>\n<\/tbody>\n<\/table>\n<\/div>\n<\/div>\n<h2><\/h2>\n<h2><span style=\"font-size: 36pt;\"><em><span style=\"color: #ff6600; font-family: 'book antiqua', palatino, serif;\">Forro Drywall ou Forro de Gesso Acartonado &#8211; <\/span><\/em><\/span><span style=\"font-size: 36pt;\"><em><span style=\"color: #ff6600; font-family: 'book antiqua', palatino, serif;\">Decore com Sofistica\u00e7\u00e3o!<\/span><\/em><\/span><\/h2>\n<p>&nbsp;<\/p>\n<p><span style=\"font-size: 18pt;\">O forro de gesso acartonado \u00e9 um acabamento que voc\u00ea pode instalar rapidamente e que possui in\u00fameras vantagens em compara\u00e7\u00e3o ao forro de gesso em placas. Apesar do baixo custo do forro de gesso em placas, o acabamento \u00e9 bastante inferior.<\/span><\/p>\n<p><span style=\"font-size: 18pt;\">As chapas de gesso e os perfis met\u00e1licos do forro de gesso acartonado garantem um acabamento de qualidade e sem trincas. <\/span><\/p>\n<p><span style=\"font-size: 18pt;\">Uma das principais vantagens do forro de gesso acartonado \u00e9 a facilidade e a rapidez para a instala\u00e7\u00e3o.<\/span><\/p>\n<p><span style=\"font-size: 18pt;\">No\u00a0quarto\u00a0de casal a ilumina\u00e7\u00e3o foi embutida com spots de l\u00e2mpadas em led para real\u00e7ar o painel da parede da cabeceira\u00a0 da cama. <\/span><\/p>\n<p><span style=\"font-size: 18pt;\">Voc\u00ea pode embutir toda a fia\u00e7\u00e3o da ilumina\u00e7\u00e3o no forro de gesso acartonado e conferir ao ambiente beleza e sofistica\u00e7\u00e3o.<\/span><\/p>\n<p><span style=\"font-size: 18pt;\">Nos espa\u00e7os corporativos, o forro de gesso acartonado \u00e9 muito utilizado para solucionar problemas como ilumina\u00e7\u00e3o e esconder dutos de ar condicionado.<\/span><\/p>\n<p><span style=\"font-size: 18pt;\"> O teto de gesso rebaixado tamb\u00e9m oculta vigas e imperfei\u00e7\u00f5es da constru\u00e7\u00e3o.<\/span><\/p>\n<p>&nbsp;<\/p>\n<p>&nbsp;<\/p>\n<table style=\"border-collapse: collapse; width: 100%;\">\n<tbody>\n<tr>\n<td style=\"width: 33.3333%;\"><img loading=\"lazy\" decoding=\"async\" class=\"alignleft wp-image-478 size-medium\" title=\"Forro Em Gesso Acartonado\" src=\"https:\/\/gessoartedecor.com.br\/wp-content\/uploads\/2020\/05\/Drywall-Acartonadoo2-300x300.jpg\" alt=\"Forro Em Gesso Acartonado\" width=\"300\" height=\"300\" srcset=\"https:\/\/gessoartedecor.com.br\/wp-content\/uploads\/2020\/05\/Drywall-Acartonadoo2-300x300.jpg 300w, https:\/\/gessoartedecor.com.br\/wp-content\/uploads\/2020\/05\/Drywall-Acartonadoo2-100x100.jpg 100w, https:\/\/gessoartedecor.com.br\/wp-content\/uploads\/2020\/05\/Drywall-Acartonadoo2-600x600.jpg 600w, https:\/\/gessoartedecor.com.br\/wp-content\/uploads\/2020\/05\/Drywall-Acartonadoo2-150x150.jpg 150w, https:\/\/gessoartedecor.com.br\/wp-content\/uploads\/2020\/05\/Drywall-Acartonadoo2-768x768.jpg 768w, https:\/\/gessoartedecor.com.br\/wp-content\/uploads\/2020\/05\/Drywall-Acartonadoo2-60x60.jpg 60w, https:\/\/gessoartedecor.com.br\/wp-content\/uploads\/2020\/05\/Drywall-Acartonadoo2-468x468.jpg 468w, https:\/\/gessoartedecor.com.br\/wp-content\/uploads\/2020\/05\/Drywall-Acartonadoo2.jpg 960w\" sizes=\"auto, (max-width: 300px) 100vw, 300px\" \/><\/td>\n<td style=\"width: 33.3333%;\"><img loading=\"lazy\" decoding=\"async\" class=\"alignleft wp-image-479 size-medium\" src=\"https:\/\/gessoartedecor.com.br\/wp-content\/uploads\/2020\/05\/Drywall-Acatonado-300x300.jpg\" alt=\"Forro Em Gesso Acartonado\" width=\"300\" height=\"300\" \/><\/td>\n<td style=\"width: 33.3333%;\"><img loading=\"lazy\" decoding=\"async\" class=\"alignleft wp-image-487 size-medium\" title=\"Forro Em Gesso Acartonado\" src=\"https:\/\/gessoartedecor.com.br\/wp-content\/uploads\/2020\/05\/forro-Drywall-2-300x300.jpg\" alt=\"Forro Em Gesso Acartonado\" width=\"300\" height=\"300\" srcset=\"https:\/\/gessoartedecor.com.br\/wp-content\/uploads\/2020\/05\/forro-Drywall-2-300x300.jpg 300w, https:\/\/gessoartedecor.com.br\/wp-content\/uploads\/2020\/05\/forro-Drywall-2-100x100.jpg 100w, https:\/\/gessoartedecor.com.br\/wp-content\/uploads\/2020\/05\/forro-Drywall-2-600x600.jpg 600w, https:\/\/gessoartedecor.com.br\/wp-content\/uploads\/2020\/05\/forro-Drywall-2-150x150.jpg 150w, https:\/\/gessoartedecor.com.br\/wp-content\/uploads\/2020\/05\/forro-Drywall-2-768x768.jpg 768w, https:\/\/gessoartedecor.com.br\/wp-content\/uploads\/2020\/05\/forro-Drywall-2-60x60.jpg 60w, https:\/\/gessoartedecor.com.br\/wp-content\/uploads\/2020\/05\/forro-Drywall-2-468x468.jpg 468w, https:\/\/gessoartedecor.com.br\/wp-content\/uploads\/2020\/05\/forro-Drywall-2.jpg 960w\" sizes=\"auto, (max-width: 300px) 100vw, 300px\" \/><\/td>\n<\/tr>\n<\/tbody>\n<\/table>\n<h3><\/h3>\n<h3><em><span style=\"font-family: 'book antiqua', palatino, serif; font-size: 36pt;\"><span style=\"color: #ff6600;\">E<\/span><\/span><span style=\"font-family: 'book antiqua', palatino, serif; font-size: 36pt;\"><span style=\"color: #ff6600;\">feitos de Luz.<\/span><\/span><\/em><\/h3>\n<p><span style=\"font-size: 18pt;\">O forro de gesso permite diferentes modelos e linhas para decorar o teto de sua\u00a0casa, por\u00e9m \u00e9 preciso contratar empresas que s\u00e3o especializadas na confec\u00e7\u00e3o desses trabalhos.<\/span><\/p>\n<p><span style=\"font-size: 18pt;\">Para diminuir o p\u00e9 direito de uma sala, o\u00a0rebaixamento de gesso\u00a0\u00e9 uma op\u00e7\u00e3o de acabamento que pode proporcionar uma imagem elegante ao ambiente. Os modelos de forro gesso mais utilizados no mercado possuem ilumina\u00e7\u00e3o indireta.<\/span><\/p>\n<p><span style=\"font-size: 18pt;\">\u00c9 poss\u00edvel criar facilmente modelos de forro de gesso com linhas curvas ou retas, pois esse material \u00e9 muito vers\u00e1til e de f\u00e1cil manuseio.<\/span><\/p>\n<p>&nbsp;<\/p>\n<div id=\"attachment_78707\" class=\"wp-caption aligncenter\"><\/div>\n<div>\n<h4><em><span style=\"color: #ff6600; font-family: 'book antiqua', palatino, serif; font-size: 36pt;\">Funcionalidade e Conforto.<\/span><\/em><\/h4>\n<p><span style=\"font-size: 18pt;\">O forro de gesso para sala de estar contribui com a\u00a0decora\u00e7\u00e3o, rebaixando o p\u00e9 direito e criando alturas diferentes no seu c\u00f4modo.<\/span><\/p>\n<p><span style=\"font-size: 18pt;\"> \u00a0O teto de forro de gesso para sala tamb\u00e9m possibilita efeitos de ilumina\u00e7\u00e3o por meio de rasgos, linhas e curvas.<\/span><\/p>\n<p><span style=\"font-size: 18pt;\">Um dos itens que mais levam conforto aos ambientes \u00e9 a ilumina\u00e7\u00e3o, por isso invista em forro de gesso para sala e transmita uma atmosfera de descanso e tranquilidade&#8230;<\/span><\/p>\n<\/div>\n<p><span style=\"font-size: 18pt;\">Os modelos de forro de gesso com ilumina\u00e7\u00e3o indireta transmitem ao ambiente uma sensa\u00e7\u00e3o de aconchego e conforto. <\/span><\/p>\n<p><span style=\"font-size: 18pt;\">Na imagem acima, o forro de gesso em dois n\u00edveis tem ilumina\u00e7\u00e3o indireta feita com fita de Led.<\/span><\/p>\n","protected":false},"excerpt":{"rendered":"<p>Forro Drywall ou Forro de Gesso Acartonado. Forro Drywall ou Forro de Gesso Acartonado \u00e9 uma das op\u00e7\u00f5es mais utilizadas nos projetos de arquitetos e decoradores para disfar\u00e7ar imperfei\u00e7\u00f5es, rebaixar, embutir ilumina\u00e7\u00e3o e cortina no teto de gesso. Se voc\u00ea<\/p>\n","protected":false},"author":1,"featured_media":318,"parent":0,"menu_order":0,"comment_status":"closed","ping_status":"closed","template":"","meta":{"_joinchat":[],"footnotes":""},"class_list":["post-265","page","type-page","status-publish","has-post-thumbnail","hentry"],"_links":{"self":[{"href":"https:\/\/gessoartedecor.com.br\/index.php?rest_route=\/wp\/v2\/pages\/265","targetHints":{"allow":["GET"]}}],"collection":[{"href":"https:\/\/gessoartedecor.com.br\/index.php?rest_route=\/wp\/v2\/pages"}],"about":[{"href":"https:\/\/gessoartedecor.com.br\/index.php?rest_route=\/wp\/v2\/types\/page"}],"author":[{"embeddable":true,"href":"https:\/\/gessoartedecor.com.br\/index.php?rest_route=\/wp\/v2\/users\/1"}],"replies":[{"embeddable":true,"href":"https:\/\/gessoartedecor.com.br\/index.php?rest_route=%2Fwp%2Fv2%2Fcomments&post=265"}],"version-history":[{"count":16,"href":"https:\/\/gessoartedecor.com.br\/index.php?rest_route=\/wp\/v2\/pages\/265\/revisions"}],"predecessor-version":[{"id":967,"href":"https:\/\/gessoartedecor.com.br\/index.php?rest_route=\/wp\/v2\/pages\/265\/revisions\/967"}],"wp:featuredmedia":[{"embeddable":true,"href":"https:\/\/gessoartedecor.com.br\/index.php?rest_route=\/wp\/v2\/media\/318"}],"wp:attachment":[{"href":"https:\/\/gessoartedecor.com.br\/index.php?rest_route=%2Fwp%2Fv2%2Fmedia&parent=265"}],"curies":[{"name":"wp","href":"https:\/\/api.w.org\/{rel}","templated":true}]}}