{"id":262,"date":"2020-04-23T15:43:25","date_gmt":"2020-04-23T18:43:25","guid":{"rendered":"https:\/\/gessoartedecor.com.br\/?page_id=262"},"modified":"2024-09-17T21:39:27","modified_gmt":"2024-09-18T00:39:27","slug":"divisorias-em-drywall","status":"publish","type":"page","link":"https:\/\/gessoartedecor.com.br\/?page_id=262","title":{"rendered":"Divis\u00f3rias Em Drywall"},"content":{"rendered":"<p>&nbsp;<\/p>\n<table style=\"border-collapse: collapse; width: 100%;\">\n<tbody>\n<tr>\n<td style=\"width: 50%;\"><img loading=\"lazy\" decoding=\"async\" class=\"alignleft wp-image-313\" title=\"Drywall Acartonado\" src=\"https:\/\/gessoartedecor.com.br\/wp-content\/uploads\/2020\/04\/Drywall-Acartonadoo2.jpg\" alt=\"Parede Em Drywall\" width=\"550\" height=\"550\" srcset=\"https:\/\/gessoartedecor.com.br\/wp-content\/uploads\/2020\/04\/Drywall-Acartonadoo2.jpg 960w, https:\/\/gessoartedecor.com.br\/wp-content\/uploads\/2020\/04\/Drywall-Acartonadoo2-300x300.jpg 300w, https:\/\/gessoartedecor.com.br\/wp-content\/uploads\/2020\/04\/Drywall-Acartonadoo2-100x100.jpg 100w, https:\/\/gessoartedecor.com.br\/wp-content\/uploads\/2020\/04\/Drywall-Acartonadoo2-600x600.jpg 600w, https:\/\/gessoartedecor.com.br\/wp-content\/uploads\/2020\/04\/Drywall-Acartonadoo2-150x150.jpg 150w, https:\/\/gessoartedecor.com.br\/wp-content\/uploads\/2020\/04\/Drywall-Acartonadoo2-768x768.jpg 768w, https:\/\/gessoartedecor.com.br\/wp-content\/uploads\/2020\/04\/Drywall-Acartonadoo2-60x60.jpg 60w, https:\/\/gessoartedecor.com.br\/wp-content\/uploads\/2020\/04\/Drywall-Acartonadoo2-468x468.jpg 468w\" sizes=\"auto, (max-width: 550px) 100vw, 550px\" \/><\/td>\n<td style=\"width: 50%;\"><img loading=\"lazy\" decoding=\"async\" class=\"alignleft wp-image-479\" title=\"Drywall\" src=\"https:\/\/gessoartedecor.com.br\/wp-content\/uploads\/2020\/05\/Drywall-Acatonado.jpg\" alt=\"Forro Em Gesso Acartonado\" width=\"550\" height=\"550\" \/><\/td>\n<\/tr>\n<\/tbody>\n<\/table>\n<h1 class=\"entry-title\"><span style=\"font-family: 'arial black', sans-serif; font-size: 36pt;\"><strong><em><span style=\"color: #ff6600;\">Parede de Drywall.<\/span><\/em><\/strong><\/span><\/h1>\n<p class=\"entry-title\"><span style=\"font-family: arial, helvetica, sans-serif; font-size: 24pt;\"><strong><em><span style=\"color: #ff6600;\">O Que \u00c9, Vantagens e Tudo que Voc\u00ea Precisa Saber.<\/span><\/em><\/strong><\/span><\/p>\n<p><span style=\"font-size: 18pt; font-family: helvetica, arial, sans-serif;\">Voc\u00ea est\u00e1 construindo ou reformando sua casa e est\u00e1 pensando em apostar na parede de Drywall, mas ainda n\u00e3o tem certeza se essa \u00e9 a decis\u00e3o correta? Ent\u00e3o chegou ao lugar certo! Aqui, vamos falar tudo o que voc\u00ea precisa saber sobre a parede de Drywall.<\/span><\/p>\n<p><span style=\"font-size: 18pt; font-family: helvetica, arial, sans-serif;\">At\u00e9 o final deste texto, voc\u00ea vai descobrir o que \u00e9 uma parede de Drywall, suas vantagens e desvantagens, caracter\u00edsticas, como fazer parede de Drywall e at\u00e9 mesmo o custo que ter\u00e1. <\/span><\/p>\n<p><span style=\"font-size: 18pt; font-family: helvetica, arial, sans-serif;\">Confira!<\/span><\/p>\n<p>&nbsp;<\/p>\n<div id=\"sc_intxt_container\">\n<div>\n<div id=\"smartIntxt-88032951\" class=\"fixed_intext_init\">\n<table style=\"border-collapse: collapse; width: 100%;\">\n<tbody>\n<tr>\n<td style=\"width: 33.3333%;\"><img loading=\"lazy\" decoding=\"async\" class=\"wp-image-309 size-medium aligncenter\" title=\"Divisoria Em Drywall\" src=\"https:\/\/gessoartedecor.com.br\/wp-content\/uploads\/2020\/04\/Balcao-Em-Drywall-Revestido-com-gesso-3d-300x300.png\" alt=\"Divisoria Em Drywall\" width=\"300\" height=\"300\" srcset=\"https:\/\/gessoartedecor.com.br\/wp-content\/uploads\/2020\/04\/Balcao-Em-Drywall-Revestido-com-gesso-3d-300x300.png 300w, https:\/\/gessoartedecor.com.br\/wp-content\/uploads\/2020\/04\/Balcao-Em-Drywall-Revestido-com-gesso-3d-100x100.png 100w, https:\/\/gessoartedecor.com.br\/wp-content\/uploads\/2020\/04\/Balcao-Em-Drywall-Revestido-com-gesso-3d-600x600.png 600w, https:\/\/gessoartedecor.com.br\/wp-content\/uploads\/2020\/04\/Balcao-Em-Drywall-Revestido-com-gesso-3d-150x150.png 150w, https:\/\/gessoartedecor.com.br\/wp-content\/uploads\/2020\/04\/Balcao-Em-Drywall-Revestido-com-gesso-3d-768x768.png 768w, https:\/\/gessoartedecor.com.br\/wp-content\/uploads\/2020\/04\/Balcao-Em-Drywall-Revestido-com-gesso-3d-60x60.png 60w, https:\/\/gessoartedecor.com.br\/wp-content\/uploads\/2020\/04\/Balcao-Em-Drywall-Revestido-com-gesso-3d-468x468.png 468w, https:\/\/gessoartedecor.com.br\/wp-content\/uploads\/2020\/04\/Balcao-Em-Drywall-Revestido-com-gesso-3d.png 960w\" sizes=\"auto, (max-width: 300px) 100vw, 300px\" \/><\/td>\n<td style=\"width: 33.3333%;\"><img loading=\"lazy\" decoding=\"async\" class=\"wp-image-476 size-medium aligncenter\" title=\"Divisoria Em Drywall\" src=\"https:\/\/gessoartedecor.com.br\/wp-content\/uploads\/2020\/05\/56770450_2600034490025412_1228754868819197952_o-300x300.jpg\" alt=\"Divisoria Em Drywall\" width=\"300\" height=\"300\" \/><\/td>\n<td style=\"width: 33.3333%;\"><img loading=\"lazy\" decoding=\"async\" class=\"wp-image-477 size-medium aligncenter\" src=\"https:\/\/gessoartedecor.com.br\/wp-content\/uploads\/2020\/05\/55622763_2585088951519966_4182668684487032832dfgh_o-1-300x300.jpg\" alt=\"Divisoria Em Drywall\" width=\"300\" height=\"300\" srcset=\"https:\/\/gessoartedecor.com.br\/wp-content\/uploads\/2020\/05\/55622763_2585088951519966_4182668684487032832dfgh_o-1-300x300.jpg 300w, https:\/\/gessoartedecor.com.br\/wp-content\/uploads\/2020\/05\/55622763_2585088951519966_4182668684487032832dfgh_o-1-100x100.jpg 100w, https:\/\/gessoartedecor.com.br\/wp-content\/uploads\/2020\/05\/55622763_2585088951519966_4182668684487032832dfgh_o-1-600x600.jpg 600w, https:\/\/gessoartedecor.com.br\/wp-content\/uploads\/2020\/05\/55622763_2585088951519966_4182668684487032832dfgh_o-1-150x150.jpg 150w, https:\/\/gessoartedecor.com.br\/wp-content\/uploads\/2020\/05\/55622763_2585088951519966_4182668684487032832dfgh_o-1-768x768.jpg 768w, https:\/\/gessoartedecor.com.br\/wp-content\/uploads\/2020\/05\/55622763_2585088951519966_4182668684487032832dfgh_o-1-60x60.jpg 60w, https:\/\/gessoartedecor.com.br\/wp-content\/uploads\/2020\/05\/55622763_2585088951519966_4182668684487032832dfgh_o-1-468x468.jpg 468w, https:\/\/gessoartedecor.com.br\/wp-content\/uploads\/2020\/05\/55622763_2585088951519966_4182668684487032832dfgh_o-1.jpg 960w\" sizes=\"auto, (max-width: 300px) 100vw, 300px\" \/><\/td>\n<\/tr>\n<\/tbody>\n<\/table>\n<\/div>\n<div id=\"sc_ava_companion\" class=\"sc_intxt_hided\">\n<h2><span style=\"font-family: arial, helvetica, sans-serif;\"><strong><span style=\"color: #ff6600;\"><em><span style=\"font-size: 24pt;\">O que \u00e9 sistema Drywall? E o que \u00e9 parede de Drywall?<\/span><\/em><\/span><\/strong><\/span><\/h2>\n<p><span style=\"font-size: 18pt; font-family: helvetica, arial, sans-serif;\">Drywall \u00e9 uma express\u00e3o em ingl\u00eas que, traduzida, significa literalmente \u201cparede seca\u201d. <\/span><\/p>\n<p><span style=\"font-size: 18pt; font-family: helvetica, arial, sans-serif;\">Isso quer dizer, basicamente, que ela n\u00e3o precisa de argamassa para ser constru\u00edda, diferentemente da alvenaria.<\/span><\/p>\n<p><span style=\"font-size: 18pt; font-family: helvetica, arial, sans-serif;\">O sistema Drywall com o qual \u00e9 feita a parede de Drywall \u00e9 formada por estruturas de perfis de a\u00e7o e chapas de gesso.<\/span><\/p>\n<p><span style=\"font-size: 18pt; font-family: helvetica, arial, sans-serif;\"> O centro da parede em Drywall pode ser oca, sendo \u201cocupado\u201d apenas pela fia\u00e7\u00e3o el\u00e9trica, sistemas hidr\u00e1ulicos e afins, mas tamb\u00e9m pode ser preenchido com enchimentos de isolamento t\u00e9rmico e ac\u00fastico.<\/span><\/p>\n<p>&nbsp;<\/p>\n<h3><span style=\"color: #ff6600; font-family: arial, helvetica, sans-serif;\"><em><span style=\"font-size: 24pt;\"><strong>Vantagens e desvantagens da parede de Drywall<\/strong>.<\/span><\/em><\/span><\/h3>\n<p><span style=\"font-size: 18pt; font-family: helvetica, arial, sans-serif;\">A parede em Drywall tamb\u00e9m \u00e9 chamada de parede de gesso acartonado pois suas chapas de gesso s\u00e3o feitas com o miolo de gesso e as faces em papel cart\u00e3o. <\/span><\/p>\n<p><span style=\"font-size: 18pt; font-family: helvetica, arial, sans-serif;\">Ela \u00e9 considerada bastante vers\u00e1til, pois pode ser feita com curvas, recortes e outras formas de personaliza\u00e7\u00e3o. <\/span><\/p>\n<p><span style=\"font-size: 18pt; font-family: helvetica, arial, sans-serif;\">Outras vantagens da parede de Drywall s\u00e3o:<\/span><\/p>\n<figure id=\"attachment_313\" aria-describedby=\"caption-attachment-313\" style=\"width: 426px\" class=\"wp-caption alignleft\"><img loading=\"lazy\" decoding=\"async\" class=\"wp-image-313 \" title=\"Drywall Acartonado\" src=\"https:\/\/gessoartedecor.com.br\/wp-content\/uploads\/2020\/04\/Drywall-Acartonadoo2-300x300.jpg\" alt=\"Parede Em Drywall\" width=\"426\" height=\"426\" srcset=\"https:\/\/gessoartedecor.com.br\/wp-content\/uploads\/2020\/04\/Drywall-Acartonadoo2-300x300.jpg 300w, https:\/\/gessoartedecor.com.br\/wp-content\/uploads\/2020\/04\/Drywall-Acartonadoo2-100x100.jpg 100w, https:\/\/gessoartedecor.com.br\/wp-content\/uploads\/2020\/04\/Drywall-Acartonadoo2-600x600.jpg 600w, https:\/\/gessoartedecor.com.br\/wp-content\/uploads\/2020\/04\/Drywall-Acartonadoo2-150x150.jpg 150w, https:\/\/gessoartedecor.com.br\/wp-content\/uploads\/2020\/04\/Drywall-Acartonadoo2-768x768.jpg 768w, https:\/\/gessoartedecor.com.br\/wp-content\/uploads\/2020\/04\/Drywall-Acartonadoo2-60x60.jpg 60w, https:\/\/gessoartedecor.com.br\/wp-content\/uploads\/2020\/04\/Drywall-Acartonadoo2-468x468.jpg 468w, https:\/\/gessoartedecor.com.br\/wp-content\/uploads\/2020\/04\/Drywall-Acartonadoo2.jpg 960w\" sizes=\"auto, (max-width: 426px) 100vw, 426px\" \/><figcaption id=\"caption-attachment-313\" class=\"wp-caption-text\"><em><span style=\"color: #ff6600;\">Drywall Acartonado<\/span><\/em><\/figcaption><\/figure>\n<p><span style=\"font-size: 18pt; font-family: helvetica, arial, sans-serif;\">Material leve e barato;<\/span><\/p>\n<p><span style=\"font-size: 18pt; font-family: helvetica, arial, sans-serif;\">Transporte econ\u00f4mico;<\/span><\/p>\n<p><span style=\"font-size: 18pt; font-family: helvetica, arial, sans-serif;\">Componentes recicl\u00e1veis;<\/span><\/p>\n<p><span style=\"font-size: 18pt; font-family: helvetica, arial, sans-serif;\">Tempo de obra r\u00e1pido;<\/span><\/p>\n<p><span style=\"font-size: 18pt; font-family: helvetica, arial, sans-serif;\">Gera menos sujeira;<\/span><\/p>\n<p><span style=\"font-size: 18pt; font-family: helvetica, arial, sans-serif;\">Manuten\u00e7\u00e3o simples;<\/span><\/p>\n<p><span style=\"font-size: 18pt; font-family: helvetica, arial, sans-serif;\">Torna reformas mais f\u00e1ceis.<\/span><\/p>\n<p>&nbsp;<\/p>\n<p><span style=\"font-size: 18pt; font-family: helvetica, arial, sans-serif;\">Por\u00e9m, existem tamb\u00e9m desvantagens no uso de parede de Drywall. Dentre eles, podemos citar a menor resist\u00eancia a impactos se comparada a paredes de alvenaria e poss\u00edveis problemas de ac\u00fastica.<\/span><\/p>\n<p><span style=\"font-size: 18pt; font-family: helvetica, arial, sans-serif;\">Entretanto, \u00e9 poss\u00edvel fazer a sua parede de Drywall mais espessa para torn\u00e1-la mais resistente. <\/span><\/p>\n<p><span style=\"font-size: 18pt; font-family: helvetica, arial, sans-serif;\">Tamb\u00e9m \u00e9 uma op\u00e7\u00e3o usar refor\u00e7os com peda\u00e7os de madeira ou chapa met\u00e1lica dentro da parede em drywall para torn\u00e1-la mais \u201cforte\u201d para receber objetos mais pesados, como bancadas de m\u00e1rmore, por exemplo.<\/span><\/p>\n<p><span style=\"font-size: 18pt; font-family: helvetica, arial, sans-serif;\">Quanto ao segundo problema, o recomendado \u00e9 aplicar enchimento de l\u00e3 mineral de rocha ou de vidro como isolamento ac\u00fastico, principalmente se a parede de drywall for para ambientes como o quarto.<\/span><\/p>\n<p>&nbsp;<\/p>\n<table style=\"border-collapse: collapse; width: 100%;\">\n<tbody>\n<tr>\n<td style=\"width: 33.3333%;\"><img loading=\"lazy\" decoding=\"async\" class=\"wp-image-478 size-medium aligncenter\" src=\"https:\/\/gessoartedecor.com.br\/wp-content\/uploads\/2020\/05\/Drywall-Acartonadoo2-300x300.jpg\" alt=\"Divis\u00f3ria Em Drywall\" width=\"300\" height=\"300\" srcset=\"https:\/\/gessoartedecor.com.br\/wp-content\/uploads\/2020\/05\/Drywall-Acartonadoo2-300x300.jpg 300w, https:\/\/gessoartedecor.com.br\/wp-content\/uploads\/2020\/05\/Drywall-Acartonadoo2-100x100.jpg 100w, https:\/\/gessoartedecor.com.br\/wp-content\/uploads\/2020\/05\/Drywall-Acartonadoo2-600x600.jpg 600w, https:\/\/gessoartedecor.com.br\/wp-content\/uploads\/2020\/05\/Drywall-Acartonadoo2-150x150.jpg 150w, https:\/\/gessoartedecor.com.br\/wp-content\/uploads\/2020\/05\/Drywall-Acartonadoo2-768x768.jpg 768w, https:\/\/gessoartedecor.com.br\/wp-content\/uploads\/2020\/05\/Drywall-Acartonadoo2-60x60.jpg 60w, https:\/\/gessoartedecor.com.br\/wp-content\/uploads\/2020\/05\/Drywall-Acartonadoo2-468x468.jpg 468w, https:\/\/gessoartedecor.com.br\/wp-content\/uploads\/2020\/05\/Drywall-Acartonadoo2.jpg 960w\" sizes=\"auto, (max-width: 300px) 100vw, 300px\" \/><\/td>\n<td style=\"width: 33.3333%;\"><img loading=\"lazy\" decoding=\"async\" class=\"wp-image-479 size-medium aligncenter\" src=\"https:\/\/gessoartedecor.com.br\/wp-content\/uploads\/2020\/05\/Drywall-Acatonado-300x300.jpg\" alt=\"Divis\u00f3ria Em Drywall\" width=\"300\" height=\"300\" \/><\/td>\n<td style=\"width: 33.3333%;\"><img loading=\"lazy\" decoding=\"async\" class=\"size-medium wp-image-480 aligncenter\" src=\"https:\/\/gessoartedecor.com.br\/wp-content\/uploads\/2020\/05\/Forro-Em-Drywall-300x300.jpg\" alt=\"Divis\u00f3ria Em Drywall\" width=\"300\" height=\"300\" srcset=\"https:\/\/gessoartedecor.com.br\/wp-content\/uploads\/2020\/05\/Forro-Em-Drywall-300x300.jpg 300w, https:\/\/gessoartedecor.com.br\/wp-content\/uploads\/2020\/05\/Forro-Em-Drywall-100x100.jpg 100w, https:\/\/gessoartedecor.com.br\/wp-content\/uploads\/2020\/05\/Forro-Em-Drywall-600x600.jpg 600w, https:\/\/gessoartedecor.com.br\/wp-content\/uploads\/2020\/05\/Forro-Em-Drywall-150x150.jpg 150w, https:\/\/gessoartedecor.com.br\/wp-content\/uploads\/2020\/05\/Forro-Em-Drywall-768x768.jpg 768w, https:\/\/gessoartedecor.com.br\/wp-content\/uploads\/2020\/05\/Forro-Em-Drywall-60x60.jpg 60w, https:\/\/gessoartedecor.com.br\/wp-content\/uploads\/2020\/05\/Forro-Em-Drywall-468x468.jpg 468w, https:\/\/gessoartedecor.com.br\/wp-content\/uploads\/2020\/05\/Forro-Em-Drywall.jpg 960w\" sizes=\"auto, (max-width: 300px) 100vw, 300px\" \/><\/td>\n<\/tr>\n<\/tbody>\n<\/table>\n<h4><\/h4>\n<h4><span style=\"font-family: arial, helvetica, sans-serif;\"><strong><em><span style=\"font-size: 24pt; color: #ff6600;\">Qual a espessura das paredes de Drywall?<\/span><\/em><\/strong><\/span><\/h4>\n<\/div>\n<p><span style=\"font-size: 18pt; font-family: helvetica, arial, sans-serif;\">Existem tr\u00eas espessuras mais comuns de perfis usados na constru\u00e7\u00e3o de paredes de Drywall: 48 mm, 70 mm e 90 mm. <\/span><\/p>\n<p><span style=\"font-size: 18pt; font-family: helvetica, arial, sans-serif;\">Para saber a espessura total da parede, \u00e9 necess\u00e1rio somar tamb\u00e9m as medidas das placas de gesso, que t\u00eam 12,5 mm cada. Ou seja, s\u00e3o mais 25 mm, j\u00e1 que s\u00e3o usadas duas chapas por parede, uma de cada lado.<\/span><\/p>\n<p><span style=\"font-size: 18pt; font-family: helvetica, arial, sans-serif;\">Como tamb\u00e9m \u00e9 poss\u00edvel fazer chapamento duplo, ou seja, usar duas placas de gesso de cada lado da parede para melhorar a ac\u00fastica ou em paredes mais altas que necessitam de mais firmeza, essa espessura pode ser ainda maior.<\/span><\/p>\n<\/div>\n<p><span style=\"font-size: 18pt; font-family: helvetica, arial, sans-serif;\">Existem tamb\u00e9m outros tipos de paredes de Drywall especiais que s\u00e3o mais espessas. <\/span><\/p>\n<p><span style=\"font-size: 18pt; font-family: helvetica, arial, sans-serif;\">Elas s\u00e3o assim para serem usadas em grandes alturas, para passagem de tubula\u00e7\u00f5es ou por outros motivos estruturais.<\/span><\/p>\n<p><span style=\"font-size: 18pt; font-family: helvetica, arial, sans-serif;\">Se a sua preocupa\u00e7\u00e3o quanto \u00e0 espessura da parede de Drywall for a respeito da resist\u00eancia, \u00e9 interessante que voc\u00ea saiba que d\u00e1, sim, para pendurar objetos nesse tipo de parede. Para isso, basta incluir o peso desses itens no c\u00e1lculo do projeto.<\/span><\/p>\n<p><span style=\"font-size: 18pt; font-family: helvetica, arial, sans-serif;\">O Drywall suporta at\u00e9 50kg\/m\u00b2, mas esse valor pode variar de acordo com o material utilizado. <\/span><\/p>\n<p><span style=\"font-size: 18pt; font-family: helvetica, arial, sans-serif;\">Para pendurar eletrodom\u00e9sticos, arm\u00e1rios ou outros objetos mais pesados, \u00e9 necess\u00e1rio usar buchas especiais e fazer refor\u00e7os no interior da parede de Drywall.<\/span><\/p>\n<\/div>\n<div id=\"attachment_64324\" class=\"wp-caption alignnone\" data-gtm-vis-recent-on-screen-12183933_31=\"11066\" data-gtm-vis-first-on-screen-12183933_31=\"11066\" data-gtm-vis-total-visible-time-12183933_31=\"100\" data-gtm-vis-has-fired-12183933_31=\"1\">\n<div class=\"content__image__container\"><\/div>\n<\/div>\n","protected":false},"excerpt":{"rendered":"<p>&nbsp; Parede de Drywall. O Que \u00c9, Vantagens e Tudo que Voc\u00ea Precisa Saber. Voc\u00ea est\u00e1 construindo ou reformando sua casa e est\u00e1 pensando em apostar na parede de Drywall, mas ainda n\u00e3o tem certeza se essa \u00e9 a decis\u00e3o<\/p>\n","protected":false},"author":1,"featured_media":310,"parent":0,"menu_order":0,"comment_status":"closed","ping_status":"closed","template":"","meta":{"_joinchat":[],"footnotes":""},"class_list":["post-262","page","type-page","status-publish","has-post-thumbnail","hentry"],"_links":{"self":[{"href":"https:\/\/gessoartedecor.com.br\/index.php?rest_route=\/wp\/v2\/pages\/262","targetHints":{"allow":["GET"]}}],"collection":[{"href":"https:\/\/gessoartedecor.com.br\/index.php?rest_route=\/wp\/v2\/pages"}],"about":[{"href":"https:\/\/gessoartedecor.com.br\/index.php?rest_route=\/wp\/v2\/types\/page"}],"author":[{"embeddable":true,"href":"https:\/\/gessoartedecor.com.br\/index.php?rest_route=\/wp\/v2\/users\/1"}],"replies":[{"embeddable":true,"href":"https:\/\/gessoartedecor.com.br\/index.php?rest_route=%2Fwp%2Fv2%2Fcomments&post=262"}],"version-history":[{"count":26,"href":"https:\/\/gessoartedecor.com.br\/index.php?rest_route=\/wp\/v2\/pages\/262\/revisions"}],"predecessor-version":[{"id":92284,"href":"https:\/\/gessoartedecor.com.br\/index.php?rest_route=\/wp\/v2\/pages\/262\/revisions\/92284"}],"wp:featuredmedia":[{"embeddable":true,"href":"https:\/\/gessoartedecor.com.br\/index.php?rest_route=\/wp\/v2\/media\/310"}],"wp:attachment":[{"href":"https:\/\/gessoartedecor.com.br\/index.php?rest_route=%2Fwp%2Fv2%2Fmedia&parent=262"}],"curies":[{"name":"wp","href":"https:\/\/api.w.org\/{rel}","templated":true}]}}