{"id":249,"date":"2020-04-23T14:57:08","date_gmt":"2020-04-23T17:57:08","guid":{"rendered":"https:\/\/gessoartedecor.com.br\/?page_id=249"},"modified":"2024-09-17T19:30:01","modified_gmt":"2024-09-17T22:30:01","slug":"gesso-3d","status":"publish","type":"page","link":"https:\/\/gessoartedecor.com.br\/?page_id=249","title":{"rendered":"Gesso 3D"},"content":{"rendered":"<p>&nbsp;<\/p>\n<table style=\"width: 100%; border-collapse: collapse;\" cellpadding=\"50%\">\n<tbody>\n<tr>\n<td style=\"width: 50%;\"><img loading=\"lazy\" decoding=\"async\" class=\"alignleft wp-image-292\" title=\"Gesso 3D\" src=\"https:\/\/gessoartedecor.com.br\/wp-content\/uploads\/2020\/04\/gesso-3-d-5.jpg\" alt=\"Gesso 3D\" width=\"550\" height=\"550\" srcset=\"https:\/\/gessoartedecor.com.br\/wp-content\/uploads\/2020\/04\/gesso-3-d-5.jpg 960w, https:\/\/gessoartedecor.com.br\/wp-content\/uploads\/2020\/04\/gesso-3-d-5-300x300.jpg 300w, https:\/\/gessoartedecor.com.br\/wp-content\/uploads\/2020\/04\/gesso-3-d-5-100x100.jpg 100w, https:\/\/gessoartedecor.com.br\/wp-content\/uploads\/2020\/04\/gesso-3-d-5-600x600.jpg 600w, https:\/\/gessoartedecor.com.br\/wp-content\/uploads\/2020\/04\/gesso-3-d-5-150x150.jpg 150w, https:\/\/gessoartedecor.com.br\/wp-content\/uploads\/2020\/04\/gesso-3-d-5-768x768.jpg 768w, https:\/\/gessoartedecor.com.br\/wp-content\/uploads\/2020\/04\/gesso-3-d-5-60x60.jpg 60w, https:\/\/gessoartedecor.com.br\/wp-content\/uploads\/2020\/04\/gesso-3-d-5-468x468.jpg 468w\" sizes=\"auto, (max-width: 550px) 100vw, 550px\" \/><\/td>\n<td style=\"width: 50%;\">\n<h2><img loading=\"lazy\" decoding=\"async\" class=\"alignleft wp-image-291\" style=\"font-size: 16px;\" title=\"Gesso 3D\" src=\"https:\/\/gessoartedecor.com.br\/wp-content\/uploads\/2020\/04\/Gesso-3d-1.jpg\" alt=\"Gesso 3D\" width=\"550\" height=\"550\" srcset=\"https:\/\/gessoartedecor.com.br\/wp-content\/uploads\/2020\/04\/Gesso-3d-1.jpg 960w, https:\/\/gessoartedecor.com.br\/wp-content\/uploads\/2020\/04\/Gesso-3d-1-300x300.jpg 300w, https:\/\/gessoartedecor.com.br\/wp-content\/uploads\/2020\/04\/Gesso-3d-1-100x100.jpg 100w, https:\/\/gessoartedecor.com.br\/wp-content\/uploads\/2020\/04\/Gesso-3d-1-600x600.jpg 600w, https:\/\/gessoartedecor.com.br\/wp-content\/uploads\/2020\/04\/Gesso-3d-1-150x150.jpg 150w, https:\/\/gessoartedecor.com.br\/wp-content\/uploads\/2020\/04\/Gesso-3d-1-768x768.jpg 768w, https:\/\/gessoartedecor.com.br\/wp-content\/uploads\/2020\/04\/Gesso-3d-1-60x60.jpg 60w, https:\/\/gessoartedecor.com.br\/wp-content\/uploads\/2020\/04\/Gesso-3d-1-468x468.jpg 468w\" sizes=\"auto, (max-width: 550px) 100vw, 550px\" \/><\/h2>\n<\/td>\n<\/tr>\n<\/tbody>\n<\/table>\n<h1><span style=\"color: #ff6600; font-family: helvetica, arial, sans-serif;\"><em><span style=\"font-size: 36pt;\">Gesso 3D.<\/span><\/em><\/span><\/h1>\n<p><span style=\"font-size: 18pt; font-family: helvetica, arial, sans-serif;\">O revestimento em gesso 3D \u00e9 uma tend\u00eancia que est\u00e1 em alta no mundo do design de interior!<\/span><\/p>\n<p><span style=\"font-size: 18pt; font-family: helvetica, arial, sans-serif;\">Est\u00e1 cansado daquela parede lisa e sem gra\u00e7a dos ambientes do seu im\u00f3vel? Ent\u00e3o voc\u00ea precisa conhecer nossos servi\u00e7os em gesso 3D.<\/span><\/p>\n<p><span style=\"font-size: 18pt; font-family: helvetica, arial, sans-serif;\">Este revestimento tem uma variedade de modelos, formas e tamanhos. Portanto, \u00e9 f\u00e1cil escolher um que se adapte \u00e0 sua casa e transforme seu ambiente.<\/span><\/p>\n<h2><span style=\"color: #ff6600; font-family: arial, helvetica, sans-serif;\"><em><span style=\"font-size: 24pt;\"><strong>O que \u00e9 <\/strong><strong>o revestimento de gesso 3D?<\/strong><\/span><\/em><\/span><\/h2>\n<p><span style=\"font-size: 18pt; font-family: helvetica, arial, sans-serif;\">As placas de gesso 3D s\u00e3o um\u00a0tipo de revestimento que desafia o design das paredes tradicionais, criando superf\u00edcies impressionantes e capazes de enriquecer os interiores dos ambientes. Deixando o acabamento da parede bel\u00edssimo.<\/span><\/p>\n<p><span style=\"font-size: 18pt; font-family: helvetica, arial, sans-serif;\">Esse tipo de revestimento oferece muitas oportunidades para personalizar a decora\u00e7\u00e3o da sua casa ou escrit\u00f3rio. N\u00e3o s\u00f3 os padr\u00f5es, como tamb\u00e9m a profundidade dos desenhos, cores e tamanhos fazem com que as paredes pare\u00e7am \u00fanicas.<\/span><\/p>\n<p><span style=\"font-size: 18pt; font-family: helvetica, arial, sans-serif;\">Os pain\u00e9is 3D fazem parte de uma decora\u00e7\u00e3o contempor\u00e2nea e ainda ajudam a melhorar a ac\u00fastica do c\u00f4modo, protegendo contra ru\u00eddos e eliminando os ecos.<\/span><\/p>\n<table style=\"border-collapse: collapse; width: 100%;\">\n<tbody>\n<tr>\n<td style=\"width: 50%;\"><img loading=\"lazy\" decoding=\"async\" class=\"alignleft wp-image-301 size-full\" title=\"Gesso 3D\" src=\"https:\/\/gessoartedecor.com.br\/wp-content\/uploads\/2020\/04\/Gesso-3d-3.jpg\" alt=\"Gesso 3D\" width=\"960\" height=\"960\" srcset=\"https:\/\/gessoartedecor.com.br\/wp-content\/uploads\/2020\/04\/Gesso-3d-3.jpg 960w, https:\/\/gessoartedecor.com.br\/wp-content\/uploads\/2020\/04\/Gesso-3d-3-300x300.jpg 300w, https:\/\/gessoartedecor.com.br\/wp-content\/uploads\/2020\/04\/Gesso-3d-3-100x100.jpg 100w, https:\/\/gessoartedecor.com.br\/wp-content\/uploads\/2020\/04\/Gesso-3d-3-600x600.jpg 600w, https:\/\/gessoartedecor.com.br\/wp-content\/uploads\/2020\/04\/Gesso-3d-3-150x150.jpg 150w, https:\/\/gessoartedecor.com.br\/wp-content\/uploads\/2020\/04\/Gesso-3d-3-768x768.jpg 768w, https:\/\/gessoartedecor.com.br\/wp-content\/uploads\/2020\/04\/Gesso-3d-3-60x60.jpg 60w, https:\/\/gessoartedecor.com.br\/wp-content\/uploads\/2020\/04\/Gesso-3d-3-468x468.jpg 468w\" sizes=\"auto, (max-width: 960px) 100vw, 960px\" \/><\/td>\n<td style=\"width: 50%;\"><img loading=\"lazy\" decoding=\"async\" class=\"alignleft wp-image-302 size-full\" title=\"Gesso 3D\" src=\"https:\/\/gessoartedecor.com.br\/wp-content\/uploads\/2020\/04\/Gesso-3D.jpg\" alt=\"Gesso 3D\" width=\"960\" height=\"960\" srcset=\"https:\/\/gessoartedecor.com.br\/wp-content\/uploads\/2020\/04\/Gesso-3D.jpg 960w, https:\/\/gessoartedecor.com.br\/wp-content\/uploads\/2020\/04\/Gesso-3D-300x300.jpg 300w, https:\/\/gessoartedecor.com.br\/wp-content\/uploads\/2020\/04\/Gesso-3D-100x100.jpg 100w, https:\/\/gessoartedecor.com.br\/wp-content\/uploads\/2020\/04\/Gesso-3D-600x600.jpg 600w, https:\/\/gessoartedecor.com.br\/wp-content\/uploads\/2020\/04\/Gesso-3D-150x150.jpg 150w, https:\/\/gessoartedecor.com.br\/wp-content\/uploads\/2020\/04\/Gesso-3D-768x768.jpg 768w, https:\/\/gessoartedecor.com.br\/wp-content\/uploads\/2020\/04\/Gesso-3D-60x60.jpg 60w, https:\/\/gessoartedecor.com.br\/wp-content\/uploads\/2020\/04\/Gesso-3D-468x468.jpg 468w\" sizes=\"auto, (max-width: 960px) 100vw, 960px\" \/><\/td>\n<\/tr>\n<\/tbody>\n<\/table>\n<h3><span style=\"color: #ff6600; font-family: arial, helvetica, sans-serif;\"><em><span style=\"font-size: 24pt;\"><strong>Vantagens da Decora\u00e7\u00e3o Em Gesso 3D.<\/strong><\/span><\/em><\/span><\/h3>\n<p><span style=\"font-size: 18pt; font-family: helvetica, arial, sans-serif;\">Al\u00e9m do efeito visual moderno, o revestimento 3D cria a sensa\u00e7\u00e3o de profundidade e movimento nas paredes. Portanto, \u00e9 uma \u00f3tima op\u00e7\u00e3o para ambientes de todos os tamanhos.<\/span><\/p>\n<p><span style=\"font-size: 18pt; font-family: helvetica, arial, sans-serif;\">Se quiser dar mais beleza ao gesso 3D, \u00e9 poss\u00edvel pintar de outras cores com tinta acr\u00edlica de diferentes acabamentos (fosco, semi-brilho ou brilhoso).<\/span><\/p>\n<p><span style=\"font-size: 18pt; font-family: helvetica, arial, sans-serif;\">Outra quest\u00e3o que promove um maior destaque para essas paredes \u00e9 a ilumina\u00e7\u00e3o. A aplica\u00e7\u00e3o \u00e9 simples e r\u00e1pida como voc\u00ea ver\u00e1 no t\u00f3pico a seguir.<\/span><\/p>\n<p><span style=\"font-size: 18pt; font-family: helvetica, arial, sans-serif;\">Mas esse tipo de revestimento pode ser aplicado em diversos ambientes da casa: salas, cozinhas, lavanderias ou quartos.<\/span><\/p>\n<p><span style=\"font-size: 18pt; font-family: helvetica, arial, sans-serif;\">No entanto, o gesso n\u00e3o \u00e9 resistente ao excesso de umidade e, por isso, n\u00e3o deve ser usado em \u00e1reas externas e molhadas, como fachadas, varanda e lavanderia.<\/span><\/p>\n<h3 class=\"entry-title\"><span style=\"color: #ff6600; font-family: arial, helvetica, sans-serif;\"><strong><em><span style=\"font-size: 24pt;\">Quais as vantagens que o gesso 3D pode trazer para a sua constru\u00e7\u00e3o?<\/span><\/em><\/strong><\/span><\/h3>\n<p><span style=\"font-size: 18pt; font-family: helvetica, arial, sans-serif;\">Combina\u00e7\u00e3o entre tecnologia e a criatividade tem sido muito ben\u00e9fica para diversos setores, em especial, para a arquitetura e a decora\u00e7\u00e3o.<\/span><\/p>\n<p><span style=\"font-size: 18pt; font-family: helvetica, arial, sans-serif;\">A maior prova disso foi a cria\u00e7\u00e3o do\u00a0<strong>gesso 3D<\/strong>, que d\u00e1 um up no ambiente sem demandar grandes investimentos e manuten\u00e7\u00e3o.<\/span><\/p>\n<p>&nbsp;<\/p>\n<h4><span style=\"color: #ff6600; font-family: arial, helvetica, sans-serif;\"><em><span style=\"font-size: 24pt;\"><strong>As principais vantagens de utilizar o gesso 3D na sua constru\u00e7\u00e3o.<\/strong><\/span><\/em><\/span><\/h4>\n<p><span style=\"font-family: helvetica, arial, sans-serif;\"><span style=\"font-size: 18pt;\">Efeito requintado com baixo custo, c<\/span><span style=\"font-size: 18pt;\">om a incid\u00eancia da luz correta, o resultado \u00e9 de uma superf\u00edcie macro texturizada, que funciona como um elemento essencial na decora\u00e7\u00e3o \u2013 e n\u00e3o apenas um complemento.<\/span><\/span><\/p>\n<p><span style=\"font-size: 18pt; font-family: helvetica, arial, sans-serif;\">Anteriormente, uma parede ou teto com textura diferenciada exigia o uso de tecnologias de ponta, materiais especiais e m\u00e3o de obra dif\u00edcil de ser encontrada (isso sem falar na demora do processo at\u00e9 o resultado final).<\/span><\/p>\n<p><span style=\"font-size: 18pt; font-family: helvetica, arial, sans-serif;\">Com o gesso 3D, o mesmo resultado \u00e9 alcan\u00e7ado (ou, at\u00e9 mesmo, melhor!), mas com valor sensivelmente mais baixo.<\/span><\/p>\n<p><span style=\"font-size: 18pt; font-family: helvetica, arial, sans-serif;\">Isso porque,\u00a0<strong>nessa modalidade, s\u00e3o verdadeiras obras de arte irregulares que v\u00eam em placas prontas<\/strong>\u00a0\u2013 como azulejos \u2013 que garantem praticidade na sua aplica\u00e7\u00e3o.<\/span><\/p>\n<p><span style=\"font-size: 18pt; font-family: helvetica, arial, sans-serif;\">O resultado? Ambientes modernos e cheios de personalidade com custos bem mais baixos!<\/span><\/p>\n<table style=\"border-collapse: collapse; width: 100%;\">\n<tbody>\n<tr>\n<td style=\"width: 50%;\">\n<p><figure id=\"attachment_322\" aria-describedby=\"caption-attachment-322\" style=\"width: 550px\" class=\"wp-caption alignleft\"><img loading=\"lazy\" decoding=\"async\" class=\"wp-image-322\" title=\"Gesso 3D\" src=\"https:\/\/gessoartedecor.com.br\/wp-content\/uploads\/2020\/04\/Gesso-3d-2-1.png\" alt=\"Gesso 3D\" width=\"550\" height=\"550\" srcset=\"https:\/\/gessoartedecor.com.br\/wp-content\/uploads\/2020\/04\/Gesso-3d-2-1.png 960w, https:\/\/gessoartedecor.com.br\/wp-content\/uploads\/2020\/04\/Gesso-3d-2-1-300x300.png 300w, https:\/\/gessoartedecor.com.br\/wp-content\/uploads\/2020\/04\/Gesso-3d-2-1-100x100.png 100w, https:\/\/gessoartedecor.com.br\/wp-content\/uploads\/2020\/04\/Gesso-3d-2-1-600x600.png 600w, https:\/\/gessoartedecor.com.br\/wp-content\/uploads\/2020\/04\/Gesso-3d-2-1-150x150.png 150w, https:\/\/gessoartedecor.com.br\/wp-content\/uploads\/2020\/04\/Gesso-3d-2-1-768x768.png 768w, https:\/\/gessoartedecor.com.br\/wp-content\/uploads\/2020\/04\/Gesso-3d-2-1-60x60.png 60w, https:\/\/gessoartedecor.com.br\/wp-content\/uploads\/2020\/04\/Gesso-3d-2-1-468x468.png 468w\" sizes=\"auto, (max-width: 550px) 100vw, 550px\" \/><figcaption id=\"caption-attachment-322\" class=\"wp-caption-text\">Gesso 3D<\/figcaption><\/figure><\/td>\n<td style=\"width: 50%;\">\n<p><figure id=\"attachment_321\" aria-describedby=\"caption-attachment-321\" style=\"width: 550px\" class=\"wp-caption alignleft\"><img loading=\"lazy\" decoding=\"async\" class=\"wp-image-321\" title=\"Gesso 3D\" src=\"https:\/\/gessoartedecor.com.br\/wp-content\/uploads\/2020\/04\/Gesso-3d-1-1.jpg\" alt=\"Gesso 3D\" width=\"550\" height=\"550\" srcset=\"https:\/\/gessoartedecor.com.br\/wp-content\/uploads\/2020\/04\/Gesso-3d-1-1.jpg 960w, https:\/\/gessoartedecor.com.br\/wp-content\/uploads\/2020\/04\/Gesso-3d-1-1-300x300.jpg 300w, https:\/\/gessoartedecor.com.br\/wp-content\/uploads\/2020\/04\/Gesso-3d-1-1-100x100.jpg 100w, https:\/\/gessoartedecor.com.br\/wp-content\/uploads\/2020\/04\/Gesso-3d-1-1-600x600.jpg 600w, https:\/\/gessoartedecor.com.br\/wp-content\/uploads\/2020\/04\/Gesso-3d-1-1-150x150.jpg 150w, https:\/\/gessoartedecor.com.br\/wp-content\/uploads\/2020\/04\/Gesso-3d-1-1-768x768.jpg 768w, https:\/\/gessoartedecor.com.br\/wp-content\/uploads\/2020\/04\/Gesso-3d-1-1-60x60.jpg 60w, https:\/\/gessoartedecor.com.br\/wp-content\/uploads\/2020\/04\/Gesso-3d-1-1-468x468.jpg 468w\" sizes=\"auto, (max-width: 550px) 100vw, 550px\" \/><figcaption id=\"caption-attachment-321\" class=\"wp-caption-text\">Gesso 3D<\/figcaption><\/figure><\/td>\n<\/tr>\n<\/tbody>\n<\/table>\n<h4><span style=\"color: #ff6600; font-family: arial, helvetica, sans-serif;\"><strong><em><span style=\"font-size: 24pt;\">Versatilidade para todos os estilos.<\/span><\/em><\/strong><\/span><\/h4>\n<p><span style=\"font-size: 18pt; font-family: helvetica, arial, sans-serif;\">A cada dia, mais\u00a0<strong>modelos de gesso 3D<\/strong>\u00a0s\u00e3o disponibilizados no mercado.<\/span><\/p>\n<p><span style=\"font-size: 18pt; font-family: helvetica, arial, sans-serif;\">Tri\u00e2ngulos, quadrados, hex\u00e1gonos, figuras geom\u00e9tricas, arabescos, desenhos, molduras\u2026<\/span><\/p>\n<p><span style=\"font-size: 18pt; font-family: helvetica, arial, sans-serif;\">V\u00e1rios desenhos s\u00e3o poss\u00edveis de serem feitos com esta t\u00e9cnica.<\/span><\/p>\n<p><span style=\"font-size: 18pt; font-family: helvetica, arial, sans-serif;\">Al\u00e9m disso, o material tamb\u00e9m pode ser produzido em qualquer cor.<\/span><\/p>\n<p><span style=\"font-size: 18pt; font-family: helvetica, arial, sans-serif;\">Assim, \u00e9 poss\u00edvel harmonizar o revestimento em qualquer ambiente, seja mais r\u00fastico, moderno, cl\u00e1ssico ou clean!<\/span><\/p>\n<p><span style=\"font-size: 18pt; font-family: helvetica, arial, sans-serif;\">Tirando a \u00e1rea externa que danifica o material mais rapidamente, o gesso 3D \u00e9 uma excelente op\u00e7\u00e3o para quem deseja dar um toque de vida ao ambiente, sem recorrer necessariamente \u00e0 cor ou estampa.<\/span><\/p>\n<h5><span style=\"color: #ff6600; font-family: arial, helvetica, sans-serif;\"><strong><em><span style=\"font-size: 24pt;\">F\u00e1cil aplica\u00e7\u00e3o.<\/span><\/em><\/strong><\/span><\/h5>\n<p><span style=\"font-size: 18pt; font-family: helvetica, arial, sans-serif;\">A facilidade na\u00a0<strong>aplica\u00e7\u00e3o do gesso 3D<\/strong>\u00a0j\u00e1 foi mencionada no primeiro t\u00f3pico, mas \u00e9 uma quest\u00e3o t\u00e3o expressiva para esse revestimento que merece destaque!<\/span><\/p>\n<p><span style=\"font-size: 18pt; font-family: helvetica, arial, sans-serif;\">Antigamente, a aplica\u00e7\u00e3o do gesso e design nas paredes e tetos exigiam mais tempo e dinheiro.<\/span><\/p>\n<p><span style=\"font-size: 18pt; font-family: helvetica, arial, sans-serif;\">Hoje, as\u00a0<strong>placas de gesso 3D<\/strong>\u00a0podem ser compradas em lojas de materiais de constru\u00e7\u00e3o e aplicadas por qualquer profissional capacitado.<\/span><\/p>\n<p><span style=\"font-size: 18pt; font-family: helvetica, arial, sans-serif;\">Com gesso cola ou argamassa, as placas s\u00e3o instaladas diretamente na superf\u00edcie de tijolos, alvenaria ou at\u00e9 mesmo drywall, j\u00e1 que \u00e9 um material leve.<\/span><\/p>\n<h5><span style=\"color: #ff6600; font-family: arial, helvetica, sans-serif;\"><em><span style=\"font-size: 24pt;\">Funciona em qualquer ambiente interno.<\/span><\/em><\/span><\/h5>\n<p><span style=\"font-size: 18pt; font-family: helvetica, arial, sans-serif;\">Na sala ou quarto, o gesso 3D fica perfeito na parede atr\u00e1s da TV, por exemplo.<\/span><\/p>\n<p><span style=\"font-size: 18pt; font-family: helvetica, arial, sans-serif;\">Isso porque n\u00e3o fica aquela superf\u00edcie totalmente lisa, mas tamb\u00e9m n\u00e3o possui tanta informa\u00e7\u00e3o quanto uma cor forte ou estampa \u2013 que, muitas vezes, briga com o elemento principal, a televis\u00e3o.<\/span><\/p>\n<p><span style=\"font-size: 18pt; font-family: helvetica, arial, sans-serif;\">Na cozinha, o revestimento \u00e9 uma excelente op\u00e7\u00e3o para substituir ou complementar a decora\u00e7\u00e3o com azulejos estampados, sem deixar o c\u00f4modo sem gra\u00e7a!<\/span><\/p>\n<p><span style=\"font-size: 18pt; font-family: helvetica, arial, sans-serif;\">O resultado \u00e9 um ambiente bem moderno e com personalidade, digno de casas de revistas!<\/span><\/p>\n<p><span style=\"font-size: 18pt; font-family: helvetica, arial, sans-serif;\">O gesso 3D tamb\u00e9m \u00e9 uma excelente escolha para\u00a0ambientes corporativos, como escrit\u00f3rios, consult\u00f3rios, recep\u00e7\u00f5es, salas de espera, entre outros.<\/span><\/p>\n<p><span style=\"font-size: 18pt; font-family: helvetica, arial, sans-serif;\">Como o espa\u00e7o n\u00e3o pede tanto uma personalidade, \u00e9 poss\u00edvel optar por um modelo mais neutro que transmita conforto e profissionalismo.<\/span><\/p>\n<p><span style=\"font-size: 18pt; font-family: helvetica, arial, sans-serif;\">O revestimento tamb\u00e9m fica incr\u00edvel em lavabos e banheiros, mostrando que esses c\u00f4modos tamb\u00e9m s\u00e3o importantes e merecem um toque de estilo!<\/span><\/p>\n<p><span style=\"font-size: 18pt; font-family: helvetica, arial, sans-serif;\">Toilettes bem decorados est\u00e3o em alta, mas como a maioria n\u00e3o \u00e9 t\u00e3o espa\u00e7oso, o gesso 3D pode ser esse ponto de charme sem pesar no ambiente.<\/span><\/p>\n","protected":false},"excerpt":{"rendered":"<p>&nbsp; Gesso 3D. O revestimento em gesso 3D \u00e9 uma tend\u00eancia que est\u00e1 em alta no mundo do design de interior! Est\u00e1 cansado daquela parede lisa e sem gra\u00e7a dos ambientes do seu im\u00f3vel? Ent\u00e3o voc\u00ea precisa conhecer nossos servi\u00e7os<\/p>\n","protected":false},"author":1,"featured_media":291,"parent":0,"menu_order":0,"comment_status":"closed","ping_status":"closed","template":"","meta":{"_joinchat":[],"footnotes":""},"class_list":["post-249","page","type-page","status-publish","has-post-thumbnail","hentry"],"_links":{"self":[{"href":"https:\/\/gessoartedecor.com.br\/index.php?rest_route=\/wp\/v2\/pages\/249","targetHints":{"allow":["GET"]}}],"collection":[{"href":"https:\/\/gessoartedecor.com.br\/index.php?rest_route=\/wp\/v2\/pages"}],"about":[{"href":"https:\/\/gessoartedecor.com.br\/index.php?rest_route=\/wp\/v2\/types\/page"}],"author":[{"embeddable":true,"href":"https:\/\/gessoartedecor.com.br\/index.php?rest_route=\/wp\/v2\/users\/1"}],"replies":[{"embeddable":true,"href":"https:\/\/gessoartedecor.com.br\/index.php?rest_route=%2Fwp%2Fv2%2Fcomments&post=249"}],"version-history":[{"count":18,"href":"https:\/\/gessoartedecor.com.br\/index.php?rest_route=\/wp\/v2\/pages\/249\/revisions"}],"predecessor-version":[{"id":92167,"href":"https:\/\/gessoartedecor.com.br\/index.php?rest_route=\/wp\/v2\/pages\/249\/revisions\/92167"}],"wp:featuredmedia":[{"embeddable":true,"href":"https:\/\/gessoartedecor.com.br\/index.php?rest_route=\/wp\/v2\/media\/291"}],"wp:attachment":[{"href":"https:\/\/gessoartedecor.com.br\/index.php?rest_route=%2Fwp%2Fv2%2Fmedia&parent=249"}],"curies":[{"name":"wp","href":"https:\/\/api.w.org\/{rel}","templated":true}]}}